{"id":184,"date":"2026-03-21T10:33:29","date_gmt":"2026-03-21T08:33:29","guid":{"rendered":"https:\/\/gynecologue-meyrin.ch\/?page_id=184"},"modified":"2026-03-21T13:52:39","modified_gmt":"2026-03-21T11:52:39","slug":"184-2","status":"publish","type":"page","link":"https:\/\/gynecologue-meyrin.ch\/?page_id=184","title":{"rendered":"FAQ"},"content":{"rendered":"\n[et_pb_section fb_built=\u00a0\u00bb1&Prime; admin_label=\u00a0\u00bbHero\u00a0\u00bb _builder_version=\u00a0\u00bb4.27.6&Prime; background_image=\u00a0\u00bbhttps:\/\/gynecologue-meyrin.ch\/wp-content\/uploads\/2026\/03\/FAQ.png\u00a0\u00bb height=\u00a0\u00bb200px\u00a0\u00bb custom_padding=\u00a0\u00bb0|0px|54px|0px|false|false\u00a0\u00bb bottom_divider_height=\u00a0\u00bb0px\u00a0\u00bb border_width_bottom=\u00a0\u00bb1px\u00a0\u00bb border_color_bottom=\u00a0\u00bb#efefef\u00a0\u00bb global_colors_info=\u00a0\u00bb{}\u00a0\u00bb][\/et_pb_section][et_pb_section fb_built=\u00a0\u00bb1&Prime; admin_label=\u00a0\u00bbDoctors\u00a0\u00bb _builder_version=\u00a0\u00bb4.16&Prime; background_color=\u00a0\u00bb#f1f5f7&Prime; min_height=\u00a0\u00bb2301.7px\u00a0\u00bb custom_padding=\u00a0\u00bb75px|0px|75px|0px|true|false\u00a0\u00bb global_colors_info=\u00a0\u00bb{}\u00a0\u00bb][et_pb_row _builder_version=\u00a0\u00bb4.27.5&Prime; _module_preset=\u00a0\u00bbdefault\u00a0\u00bb global_colors_info=\u00a0\u00bb{}\u00a0\u00bb][et_pb_column type=\u00a0\u00bb4_4&Prime; _builder_version=\u00a0\u00bb4.27.5&Prime; _module_preset=\u00a0\u00bbdefault\u00a0\u00bb global_colors_info=\u00a0\u00bb{}\u00a0\u00bb][et_pb_text _builder_version=\u00a0\u00bb4.27.6&Prime; _module_preset=\u00a0\u00bbdefault\u00a0\u00bb global_colors_info=\u00a0\u00bb{}\u00a0\u00bb]<h1 class=\"s5_title\" style=\"text-align: center;\">Foires aux questions :<br \/>Nos r\u00e9ponses \u00e0 vos questions<br \/>sur la Gyn\u00e9cologie.<\/h1>[\/et_pb_text][et_pb_text _builder_version=\u00a0\u00bb4.27.6&Prime; _module_preset=\u00a0\u00bbdefault\u00a0\u00bb global_colors_info=\u00a0\u00bb{}\u00a0\u00bb]<h2 class=\"faq_description\" style=\"text-align: center;\">Vous recherchez une information ?<br \/>Le Dr Bekri \u00e0 r\u00e9pondu aux questions les plus fr\u00e9quemment pos\u00e9es sur la Gyn\u00e9cologie.<br \/>Elles sont toutes recens\u00e9es dans notre FAQ.<\/h2>[\/et_pb_text][et_pb_image src=\u00a0\u00bbhttps:\/\/gynecologue-meyrin.ch\/wp-content\/uploads\/2026\/03\/Faq-Bandeau-Photo-Faq.png\u00a0\u00bb title_text=\u00a0\u00bbFaq-Bandeau-Photo-Faq\u00a0\u00bb _builder_version=\u00a0\u00bb4.27.6&Prime; _module_preset=\u00a0\u00bbdefault\u00a0\u00bb global_colors_info=\u00a0\u00bb{}\u00a0\u00bb][\/et_pb_image][\/et_pb_column][\/et_pb_row][et_pb_row column_structure=\u00a0\u00bb1_2,1_2&Prime; _builder_version=\u00a0\u00bb4.27.6&Prime; _module_preset=\u00a0\u00bbdefault\u00a0\u00bb global_colors_info=\u00a0\u00bb{}\u00a0\u00bb][et_pb_column type=\u00a0\u00bb1_2&Prime; _builder_version=\u00a0\u00bb4.27.6&Prime; _module_preset=\u00a0\u00bbdefault\u00a0\u00bb global_colors_info=\u00a0\u00bb{}\u00a0\u00bb][et_pb_accordion _builder_version=\u00a0\u00bb4.27.6&Prime; _module_preset=\u00a0\u00bbdefault\u00a0\u00bb global_colors_info=\u00a0\u00bb{}\u00a0\u00bb][et_pb_accordion_item title=\u00a0\u00bbJ&rsquo;ai une incontinence urinaire. Cela peut-il se r\u00e9soudre ?\u00a0\u00bb _builder_version=\u00a0\u00bb4.27.6&Prime; _module_preset=\u00a0\u00bbdefault\u00a0\u00bb global_colors_info=\u00a0\u00bb{}\u00a0\u00bb open=\u00a0\u00bbon\u00a0\u00bb]<p><span>On arrive \u00e0 traiter la majorit\u00e9 des incontinences urinaires. En amont, un bilan urodynamique est souvent n\u00e9cessaire pour pr\u00e9ciser le probl\u00e8me exact et adapter le traitement. S&rsquo;agit-il d&rsquo;une Incontinence urinaire survenant \u00e0 l&rsquo;effort, d&rsquo;une incontinence urinaire apparaissant suite \u00e0 une urgence mictionnelle ? Ou les deux ? Un traitement sur mesure se basera sur une combinaison de solutions : La physioth\u00e9rapie p\u00e9rin\u00e9ale, le traitement m\u00e9dical et\/ou la Chiurgie<\/span><\/p>[\/et_pb_accordion_item][et_pb_accordion_item title=\u00a0\u00bbJ&rsquo;ai une descente d&rsquo;organes, que faire ?\u00a0\u00bb open=\u00a0\u00bboff\u00a0\u00bb _builder_version=\u00a0\u00bb4.27.6&Prime; _module_preset=\u00a0\u00bbdefault\u00a0\u00bb global_colors_info=\u00a0\u00bb{}\u00a0\u00bb]<p><span>Un examen gyn\u00e9cologique d\u00e9taill\u00e9 permettra de pr\u00e9ciser le type de descente des organes pelviens. Il peut s&rsquo;agit d&rsquo;un ou deux organes comme la vessie, l&rsquo;ut\u00e9rus ou le rectum, voire la totalit\u00e9 des organes. Le traitement se basera sur la g\u00eane occasionn\u00e9e par ce prolapsus urog\u00e9nital. Le traitement est souvent chirurgical.<\/span><\/p>[\/et_pb_accordion_item][\/et_pb_accordion][et_pb_accordion _builder_version=\u00a0\u00bb4.27.6&Prime; _module_preset=\u00a0\u00bbdefault\u00a0\u00bb global_colors_info=\u00a0\u00bb{}\u00a0\u00bb][et_pb_accordion_item title=\u00a0\u00bbJ&rsquo;ai un probl\u00e8me de saignement, dois-je consulter un gyn\u00e9cologue ?\u00a0\u00bb open=\u00a0\u00bbon\u00a0\u00bb _builder_version=\u00a0\u00bb4.27.6&Prime; _module_preset=\u00a0\u00bbdefault\u00a0\u00bb global_colors_info=\u00a0\u00bb{}\u00a0\u00bb]<p><span>En cas de saignement vaginal survenant en dehors des menstruations il faut toujours consulter son gyn\u00e9cologue. Le saignement g\u00e9nital est une urgence en cas de grossesse et une urgence diff\u00e9r\u00e9e en dehors d&rsquo;une grossesse ou il faudra \u00e9carter plusieurs raisons plus ou moins graves selon l&rsquo;\u00e2ge de la patiente. Une \u00e9chographie pelvienne de haute fr\u00e9quence souvent par voie vaginale est d&rsquo;une grande utilit\u00e9 pour pr\u00e9ciser le diagnostic.<\/span><\/p>[\/et_pb_accordion_item][et_pb_accordion_item title=\u00a0\u00bbJ&rsquo;ai une boule dans le sein, que faire ?\u00a0\u00bb _builder_version=\u00a0\u00bb4.27.6&Prime; _module_preset=\u00a0\u00bbdefault\u00a0\u00bb global_colors_info=\u00a0\u00bb{}\u00a0\u00bb open=\u00a0\u00bboff\u00a0\u00bb]<p><span>Il faut consulter le gyn\u00e9cologue afin de diff\u00e9rencier d\u00e9j\u00e0 \u00e0 l&rsquo;examen clinique et \u00e0 l&rsquo;\u00e9chographie qui se fera en m\u00eame temps , un nodule b\u00e9nin bien limit\u00e9 (ad\u00e9nofibrome , kyste mammaire ) d&rsquo;un nodule suspect de malignit\u00e9 mal limit\u00e9 qui n\u00e9cessitera une biopsie dirig\u00e9 au moindre doute<\/span><\/p>[\/et_pb_accordion_item][\/et_pb_accordion][et_pb_accordion _builder_version=\u00a0\u00bb4.27.6&Prime; _module_preset=\u00a0\u00bbdefault\u00a0\u00bb global_colors_info=\u00a0\u00bb{}\u00a0\u00bb][et_pb_accordion_item title=\u00a0\u00bbJ&rsquo;ai des sympt\u00f4mes li\u00e9s \u00e0 la m\u00e9nopause, y a-t-il des solutions pour les att\u00e9nuer ?\u00a0\u00bb open=\u00a0\u00bbon\u00a0\u00bb _builder_version=\u00a0\u00bb4.27.6&Prime; _module_preset=\u00a0\u00bbdefault\u00a0\u00bb global_colors_info=\u00a0\u00bb{}\u00a0\u00bb]<p><span>Une analyse d\u00e9taill\u00e9e de ces sympt\u00f4mes aboutira soit \u00e0 un traitement local ou g\u00e9n\u00e9ral non hormonal ou hormonal selon le d\u00e9sir de la patiente, apr\u00e8s avoir expliqu\u00e9 les avantages et les \u00e9ventuels inconv\u00e9nients ou risques li\u00e9s \u00e0 chaque proposition. Cette prise en charge permettra de conserver une meilleure qualit\u00e9 de vie le plus longtemps possible.<\/span><\/p>[\/et_pb_accordion_item][\/et_pb_accordion][\/et_pb_column][et_pb_column type=\u00a0\u00bb1_2&Prime; _builder_version=\u00a0\u00bb4.27.5&Prime; _module_preset=\u00a0\u00bbdefault\u00a0\u00bb global_colors_info=\u00a0\u00bb{}\u00a0\u00bb][et_pb_accordion _builder_version=\u00a0\u00bb4.27.6&Prime; _module_preset=\u00a0\u00bbdefault\u00a0\u00bb hover_enabled=\u00a0\u00bb0&Prime; global_colors_info=\u00a0\u00bb{}\u00a0\u00bb sticky_enabled=\u00a0\u00bb0&Prime;][et_pb_accordion_item title=\u00a0\u00bbJe voudrais avoir un enfant mais je n&rsquo;y arrive pas. Pouvez-vous m&rsquo;aider ?\u00a0\u00bb _builder_version=\u00a0\u00bb4.27.6&Prime; _module_preset=\u00a0\u00bbdefault\u00a0\u00bb global_colors_info=\u00a0\u00bb{}\u00a0\u00bb open=\u00a0\u00bbon\u00a0\u00bb hover_enabled=\u00a0\u00bb0&Prime; sticky_enabled=\u00a0\u00bb0&Prime;]<p><span>Un bilan d&rsquo;infertilit\u00e9 simple, r\u00e9alis\u00e9 sur chaque partenaire du couple, permettra d&rsquo;identifier au bout d&rsquo;un mois seulement la majorit\u00e9 des causes d&rsquo;infertilit\u00e9 et proposer un traitement adapt\u00e9.<\/span><\/p>[\/et_pb_accordion_item][et_pb_accordion_item title=\u00a0\u00bbOn m&rsquo;a diagnostiqu\u00e9 un cancer du sein, comment pouvez-vous m&rsquo;aider ?\u00a0\u00bb open=\u00a0\u00bboff\u00a0\u00bb _builder_version=\u00a0\u00bb4.27.6&Prime; _module_preset=\u00a0\u00bbdefault\u00a0\u00bb global_colors_info=\u00a0\u00bb{}\u00a0\u00bb]<p><span>Un bilan est n\u00e9cessaire afin de pr\u00e9ciser le type de cancer, son extension et son potentiel d&rsquo;agressivit\u00e9. Un traitement sur mesure est propos\u00e9 apr\u00e8s une discussion pluridisciplinaire entre plusieurs corps de m\u00e9tiers : oncologues m\u00e9dicaux, radiologues, radioth\u00e9rapeutes , chirurgiens plasticiens et nous-m\u00eames chirurgiens du sein.<\/span><\/p>[\/et_pb_accordion_item][\/et_pb_accordion][et_pb_accordion _builder_version=\u00a0\u00bb4.27.6&Prime; _module_preset=\u00a0\u00bbdefault\u00a0\u00bb global_colors_info=\u00a0\u00bb{}\u00a0\u00bb][et_pb_accordion_item title=\u00a0\u00bbJ&rsquo;ai des douleurs pelviennes, est-ce que vous \u00eates comp\u00e9tent en la mati\u00e8re ?\u00a0\u00bb _builder_version=\u00a0\u00bb4.27.6&Prime; _module_preset=\u00a0\u00bbdefault\u00a0\u00bb global_colors_info=\u00a0\u00bb{}\u00a0\u00bb open=\u00a0\u00bbon\u00a0\u00bb]<p><span>Il faut d&rsquo;abord diff\u00e9rencier les douleurs pelviennes aigu\u00ebs des douleurs pelviennes chroniques. Les premi\u00e8res peuvent \u00eatre li\u00e9es \u00e0 une complication en d\u00e9but de grossesse, \u00e0 une infection, \u00e0 un kyste ovarien etc. Les douleurs pelviennes chroniques concernent notamment celles en rapport avec les r\u00e8gles dans le cadre de l&rsquo;endom\u00e9triose g\u00e9nitale externe. Un bilan \u00e9chographique et IRM sont souvent utiles pour pr\u00e9ciser le type d&rsquo;endom\u00e9triose et pr\u00e9ciser le traitement qui est m\u00e9dical et\/ou chirurgical<\/span><\/p>[\/et_pb_accordion_item][et_pb_accordion_item title=\u00a0\u00bbJe suis \u00e0 la recherche d&rsquo;une contraception mais ne sait pas laquelle choisir : pouvez-vous me guider ?\u00a0\u00bb open=\u00a0\u00bboff\u00a0\u00bb _builder_version=\u00a0\u00bb4.27.6&Prime; _module_preset=\u00a0\u00bbdefault\u00a0\u00bb global_colors_info=\u00a0\u00bb{}\u00a0\u00bb]<p><span>Un premier entretien avec le gyn\u00e9cologue permettra de pr\u00e9ciser les besoins, les attentes , les risques individuels de chaque femme demandeuse d&rsquo;une contraception et lui proposer la meilleure solution, celle qui lui convient le mieux<\/span><\/p>[\/et_pb_accordion_item][\/et_pb_accordion][et_pb_accordion _builder_version=\u00a0\u00bb4.27.6&Prime; _module_preset=\u00a0\u00bbdefault\u00a0\u00bb global_colors_info=\u00a0\u00bb{}\u00a0\u00bb][et_pb_accordion_item title=\u00a0\u00bbJ&rsquo;ai des probl\u00e8mes sexuels et ne sais pas vers qui me tourner pour les r\u00e9soudre. Suis-je au bon endroit ?\u00a0\u00bb open=\u00a0\u00bbon\u00a0\u00bb _builder_version=\u00a0\u00bb4.27.6&Prime; _module_preset=\u00a0\u00bbdefault\u00a0\u00bb global_colors_info=\u00a0\u00bb{}\u00a0\u00bb]<p><span>Dans mon cabinet je discute avec mes patientes qui le d\u00e9sirent de tout ce qui concerne leur sant\u00e9, y compris sexuelle. On parlera volontiers des probl\u00e8mes qui peuvent se pr\u00e9senter au niveau du couple. Il pourrait s&rsquo;agir de simples conseils comme de traitement pour elles et\/ou pour leur partenaire homme ou femme. Des solutions seront propos\u00e9es \u00e0 une grande partie de leurs probl\u00e8mes, et selon le besoin les patientes pourront \u00eatre dirig\u00e9es &#8211; seules ou avec leur partenaire &#8211; vers un th\u00e9rapeute sp\u00e9cialis\u00e9 : Sexologue, ou urologue pour monsieur.<\/span><\/p>[\/et_pb_accordion_item][et_pb_accordion_item title=\u00a0\u00bbYour Title Goes Here\u00a0\u00bb _builder_version=\u00a0\u00bb4.27.6&Prime; _module_preset=\u00a0\u00bbdefault\u00a0\u00bb global_colors_info=\u00a0\u00bb{}\u00a0\u00bb open=\u00a0\u00bboff\u00a0\u00bb]<p>Your content goes here. Edit or remove this text inline or in the module Content settings. You can also style every aspect of this content in the module Design settings and even apply custom CSS to this text in the module Advanced settings.<\/p>[\/et_pb_accordion_item][\/et_pb_accordion][\/et_pb_column][\/et_pb_row][\/et_pb_section][et_pb_section fb_built=\u00a0\u00bb1&Prime; admin_label=\u00a0\u00bbServices\u00a0\u00bb _builder_version=\u00a0\u00bb4.16&Prime; custom_padding=\u00a0\u00bb100px|0px|100px|0px|true|false\u00a0\u00bb locked=\u00a0\u00bboff\u00a0\u00bb global_colors_info=\u00a0\u00bb{}\u00a0\u00bb][et_pb_row column_structure=\u00a0\u00bb1_2,1_6,1_6,1_6&Prime; admin_label=\u00a0\u00bbContent Area\u00a0\u00bb _builder_version=\u00a0\u00bb4.16&Prime; global_colors_info=\u00a0\u00bb{}\u00a0\u00bb][et_pb_column type=\u00a0\u00bb1_2&Prime; _builder_version=\u00a0\u00bb4.16&Prime; custom_padding=\u00a0\u00bb|||\u00a0\u00bb global_colors_info=\u00a0\u00bb{}\u00a0\u00bb custom_padding__hover=\u00a0\u00bb|||\u00a0\u00bb][et_pb_text _builder_version=\u00a0\u00bb4.27.5&Prime; _module_preset=\u00a0\u00bbdefault\u00a0\u00bb global_colors_info=\u00a0\u00bb{}\u00a0\u00bb]<h1 style=\"text-align: right;\"><span>Nous<\/span><br \/><span>Contacter<\/span><\/h1>[\/et_pb_text][et_pb_text _builder_version=\u00a0\u00bb4.27.5&Prime; _module_preset=\u00a0\u00bbdefault\u00a0\u00bb global_colors_info=\u00a0\u00bb{}\u00a0\u00bb]<h1 class=\"section6_description\" style=\"text-align: right;\"><span class=\"o_animated_text o_animate o_anim_fade_in_up o_visible o_animated\">Un cabinet sp\u00e9cialis\u00e9 \u00e0 votre \u00e9coute<\/span><\/h1>[\/et_pb_text][et_pb_text _builder_version=\u00a0\u00bb4.27.5&Prime; _module_preset=\u00a0\u00bbdefault\u00a0\u00bb global_colors_info=\u00a0\u00bb{}\u00a0\u00bb]<p style=\"text-align: justify;\"><span>Le Dr Bekri re\u00e7oit dans son cabinet \u00e0 Meyrin du lundi au vendredi, les matins de 8h30 \u00e0 12h00 et les apr\u00e8s-midis de 13h00 \u00e0 17h00, sauf le mercredi apr\u00e8s-midi. Nous serons heureux de vous accueillir dans le cabinet au Av. J.-D.-Maillard 11, 1217 Meyrin, Suisse.<\/span><\/p>[\/et_pb_text][\/et_pb_column][et_pb_column type=\u00a0\u00bb1_6&Prime; _builder_version=\u00a0\u00bb4.16&Prime; custom_padding=\u00a0\u00bb|||\u00a0\u00bb global_colors_info=\u00a0\u00bb{}\u00a0\u00bb custom_padding__hover=\u00a0\u00bb|||\u00a0\u00bb][et_pb_image src=\u00a0\u00bbhttps:\/\/gynecologue-meyrin.ch\/wp-content\/uploads\/2026\/03\/Contact-Icon-1_6094948.png\u00a0\u00bb title_text=\u00a0\u00bbContact-Icon-1_6094948&Prime; _builder_version=\u00a0\u00bb4.27.5&Prime; _module_preset=\u00a0\u00bbdefault\u00a0\u00bb global_colors_info=\u00a0\u00bb{}\u00a0\u00bb][\/et_pb_image][et_pb_button button_url=\u00a0\u00bbhttps:\/\/www.drbekri-gynecologue.ch\/contact\u00a0\u00bb button_text=\u00a0\u00bbCONTACT\u00a0\u00bb _builder_version=\u00a0\u00bb4.27.5&Prime; _module_preset=\u00a0\u00bbdefault\u00a0\u00bb global_colors_info=\u00a0\u00bb{}\u00a0\u00bb][\/et_pb_button][et_pb_button button_url=\u00a0\u00bbhttps:\/\/www.drbekri-gynecologue.ch\/contact\u00a0\u00bb button_text=\u00a0\u00bbRENDEZ-VOUS\u00a0\u00bb _builder_version=\u00a0\u00bb4.27.5&Prime; _module_preset=\u00a0\u00bbdefault\u00a0\u00bb custom_button=\u00a0\u00bbon\u00a0\u00bb button_text_size=\u00a0\u00bb13px\u00a0\u00bb transform_scale=\u00a0\u00bb110%|110%\u00a0\u00bb global_colors_info=\u00a0\u00bb{}\u00a0\u00bb][\/et_pb_button][\/et_pb_column][et_pb_column type=\u00a0\u00bb1_6&Prime; _builder_version=\u00a0\u00bb4.16&Prime; custom_padding=\u00a0\u00bb|||\u00a0\u00bb global_colors_info=\u00a0\u00bb{}\u00a0\u00bb custom_padding__hover=\u00a0\u00bb|||\u00a0\u00bb][et_pb_image src=\u00a0\u00bbhttps:\/\/gynecologue-meyrin.ch\/wp-content\/uploads\/2026\/03\/Contact-Icon-2-1.png\u00a0\u00bb title_text=\u00a0\u00bbContact-Icon-2&Prime; _builder_version=\u00a0\u00bb4.27.5&Prime; _module_preset=\u00a0\u00bbdefault\u00a0\u00bb global_colors_info=\u00a0\u00bb{}\u00a0\u00bb][\/et_pb_image][\/et_pb_column][et_pb_column type=\u00a0\u00bb1_6&Prime; _builder_version=\u00a0\u00bb4.16&Prime; custom_padding=\u00a0\u00bb|||\u00a0\u00bb global_colors_info=\u00a0\u00bb{}\u00a0\u00bb custom_padding__hover=\u00a0\u00bb|||\u00a0\u00bb][et_pb_image src=\u00a0\u00bbhttps:\/\/gynecologue-meyrin.ch\/wp-content\/uploads\/2026\/03\/Contact-Icon-3-1.png\u00a0\u00bb title_text=\u00a0\u00bbContact-Icon-3&Prime; _builder_version=\u00a0\u00bb4.27.5&Prime; _module_preset=\u00a0\u00bbdefault\u00a0\u00bb global_colors_info=\u00a0\u00bb{}\u00a0\u00bb][\/et_pb_image][\/et_pb_column][\/et_pb_row][\/et_pb_section][et_pb_section fb_built=\u00a0\u00bb1&Prime; _builder_version=\u00a0\u00bb4.27.6&Prime; _module_preset=\u00a0\u00bbdefault\u00a0\u00bb background_color=\u00a0\u00bb#55778c\u00a0\u00bb global_colors_info=\u00a0\u00bb{}\u00a0\u00bb][et_pb_row column_structure=\u00a0\u00bb1_2,1_4,1_4&Prime; _builder_version=\u00a0\u00bb4.27.5&Prime; _module_preset=\u00a0\u00bbdefault\u00a0\u00bb global_colors_info=\u00a0\u00bb{}\u00a0\u00bb][et_pb_column type=\u00a0\u00bb1_2&Prime; _builder_version=\u00a0\u00bb4.27.5&Prime; _module_preset=\u00a0\u00bbdefault\u00a0\u00bb global_colors_info=\u00a0\u00bb{}\u00a0\u00bb][et_pb_image src=\u00a0\u00bbhttps:\/\/gynecologue-meyrin.ch\/wp-content\/uploads\/2026\/03\/Logo-Docteur-Bekri-Desktop-P.png\u00a0\u00bb title_text=\u00a0\u00bbLogo-Docteur-Bekri-Desktop-P\u00a0\u00bb _builder_version=\u00a0\u00bb4.27.5&Prime; _module_preset=\u00a0\u00bbdefault\u00a0\u00bb global_colors_info=\u00a0\u00bb{}\u00a0\u00bb][\/et_pb_image][\/et_pb_column][et_pb_column type=\u00a0\u00bb1_4&Prime; _builder_version=\u00a0\u00bb4.27.5&Prime; _module_preset=\u00a0\u00bbdefault\u00a0\u00bb global_colors_info=\u00a0\u00bb{}\u00a0\u00bb][et_pb_text _builder_version=\u00a0\u00bb4.27.6&Prime; _module_preset=\u00a0\u00bbdefault\u00a0\u00bb global_colors_info=\u00a0\u00bb{}\u00a0\u00bb]<h1 class=\"footer-title\"><span style=\"color: #ffffff;\"><strong>Coordonn\u00e9es<\/strong><\/span><\/h1>\n<div class=\"footer_info\">\n<p class=\"info1\"><span style=\"color: #ffffff;\">Av. J.-D.-Maillard 11,<\/span><\/p>\n<p class=\"info1\"><span style=\"color: #ffffff;\">1217 Meyrin, Suisse<\/span><\/p>\n<p class=\"info2\"><span style=\"color: #ffffff;\">T: +41 22 782 08 21<\/span><\/p>\n<p class=\"info2\"><span style=\"color: #ffffff;\">M: contact@drbekri-gynecologue.ch<\/span><\/p>\n<\/div>[\/et_pb_text][\/et_pb_column][et_pb_column type=\u00a0\u00bb1_4&Prime; _builder_version=\u00a0\u00bb4.27.5&Prime; _module_preset=\u00a0\u00bbdefault\u00a0\u00bb global_colors_info=\u00a0\u00bb{}\u00a0\u00bb][et_pb_text _builder_version=\u00a0\u00bb4.27.6&Prime; _module_preset=\u00a0\u00bbdefault\u00a0\u00bb global_colors_info=\u00a0\u00bb{}\u00a0\u00bb]<div class=\"footer-col3\">\n<h1 class=\"footer-title\"><span style=\"color: #ffffff;\"><strong>Les horaires du secretariat<\/strong><\/span><\/h1>\n<h3 class=\"footer-descritpion\" style=\"text-align: center;\"><span style=\"color: #ffffff;\">Tous les jours, les matins\u00a0de 8h30 \u00e0 12h00 et les apr\u00e8s-midis de 13h00 \u00e0 16h00, sauf les mercredis.<\/span><\/h3>\n<p><span style=\"color: #ffffff;\">\u00a0<\/span><\/p>\n<p><span class=\"border-left-span\">\u00a0<\/span><\/p>\n<p>&nbsp;<\/p>\n<\/div>[\/et_pb_text][\/et_pb_column][\/et_pb_row][\/et_pb_section]\n","protected":false},"excerpt":{"rendered":"<p>Foires aux questions :Nos r\u00e9ponses \u00e0 vos questionssur la Gyn\u00e9cologie.Vous recherchez une information ?Le Dr Bekri \u00e0 r\u00e9pondu aux questions les plus fr\u00e9quemment pos\u00e9es sur la Gyn\u00e9cologie.Elles sont toutes recens\u00e9es dans notre FAQ.On arrive \u00e0 traiter la majorit\u00e9 des incontinences urinaires. En amont, un bilan urodynamique est souvent n\u00e9cessaire pour pr\u00e9ciser le probl\u00e8me exact et [&hellip;]<\/p>\n","protected":false},"author":1,"featured_media":0,"parent":0,"menu_order":0,"comment_status":"closed","ping_status":"closed","template":"","meta":{"_et_pb_use_builder":"on","_et_pb_old_content":"","_et_gb_content_width":"","footnotes":""},"class_list":["post-184","page","type-page","status-publish","hentry"],"_links":{"self":[{"href":"https:\/\/gynecologue-meyrin.ch\/index.php?rest_route=\/wp\/v2\/pages\/184","targetHints":{"allow":["GET"]}}],"collection":[{"href":"https:\/\/gynecologue-meyrin.ch\/index.php?rest_route=\/wp\/v2\/pages"}],"about":[{"href":"https:\/\/gynecologue-meyrin.ch\/index.php?rest_route=\/wp\/v2\/types\/page"}],"author":[{"embeddable":true,"href":"https:\/\/gynecologue-meyrin.ch\/index.php?rest_route=\/wp\/v2\/users\/1"}],"replies":[{"embeddable":true,"href":"https:\/\/gynecologue-meyrin.ch\/index.php?rest_route=%2Fwp%2Fv2%2Fcomments&post=184"}],"version-history":[{"count":11,"href":"https:\/\/gynecologue-meyrin.ch\/index.php?rest_route=\/wp\/v2\/pages\/184\/revisions"}],"predecessor-version":[{"id":234,"href":"https:\/\/gynecologue-meyrin.ch\/index.php?rest_route=\/wp\/v2\/pages\/184\/revisions\/234"}],"wp:attachment":[{"href":"https:\/\/gynecologue-meyrin.ch\/index.php?rest_route=%2Fwp%2Fv2%2Fmedia&parent=184"}],"curies":[{"name":"wp","href":"https:\/\/api.w.org\/{rel}","templated":true}]}}