{"id":243,"date":"2026-03-21T14:16:27","date_gmt":"2026-03-21T12:16:27","guid":{"rendered":"https:\/\/gynecologue-meyrin.ch\/?page_id=243"},"modified":"2026-03-23T11:57:04","modified_gmt":"2026-03-23T09:57:04","slug":"specialites-3","status":"publish","type":"page","link":"https:\/\/gynecologue-meyrin.ch\/?page_id=243","title":{"rendered":"SPECIALITES"},"content":{"rendered":"<p>[et_pb_section fb_built=\u00a0\u00bb1&Prime; _builder_version=\u00a0\u00bb4.27.6&Prime; _module_preset=\u00a0\u00bbdefault\u00a0\u00bb background_image=\u00a0\u00bbhttps:\/\/gynecologue-meyrin.ch\/wp-content\/uploads\/2026\/03\/specialites.png\u00a0\u00bb global_colors_info=\u00a0\u00bb{}\u00a0\u00bb][et_pb_row _builder_version=\u00a0\u00bb4.27.6&Prime; _module_preset=\u00a0\u00bbdefault\u00a0\u00bb global_colors_info=\u00a0\u00bb{}\u00a0\u00bb][et_pb_column type=\u00a0\u00bb4_4&Prime; _builder_version=\u00a0\u00bb4.27.6&Prime; _module_preset=\u00a0\u00bbdefault\u00a0\u00bb global_colors_info=\u00a0\u00bb{}\u00a0\u00bb][\/et_pb_column][\/et_pb_row][\/et_pb_section][et_pb_section fb_built=\u00a0\u00bb1&Prime; _builder_version=\u00a0\u00bb4.27.6&Prime; _module_preset=\u00a0\u00bbdefault\u00a0\u00bb global_colors_info=\u00a0\u00bb{}\u00a0\u00bb][et_pb_row _builder_version=\u00a0\u00bb4.27.6&Prime; _module_preset=\u00a0\u00bbdefault\u00a0\u00bb global_colors_info=\u00a0\u00bb{}\u00a0\u00bb][et_pb_column type=\u00a0\u00bb4_4&Prime; _builder_version=\u00a0\u00bb4.27.6&Prime; _module_preset=\u00a0\u00bbdefault\u00a0\u00bb global_colors_info=\u00a0\u00bb{}\u00a0\u00bb][et_pb_text _builder_version=\u00a0\u00bb4.27.6&Prime; _module_preset=\u00a0\u00bbdefault\u00a0\u00bb text_text_color=\u00a0\u00bb#0C71C3&Prime; text_font_size=\u00a0\u00bb15px\u00a0\u00bb text_letter_spacing=\u00a0\u00bb7px\u00a0\u00bb text_line_height=\u00a0\u00bb2em\u00a0\u00bb global_colors_info=\u00a0\u00bb{}\u00a0\u00bb]<\/p>\n<h1 class=\"txt_title txt_title_spe\" style=\"text-align: center;\"><strong>Nos p\u00f4les<\/strong><br \/><strong>d&rsquo;expertises<\/strong><\/h1>\n<p>[\/et_pb_text][et_pb_text _builder_version=\u00a0\u00bb4.27.6&Prime; _module_preset=\u00a0\u00bbdefault\u00a0\u00bb text_text_color=\u00a0\u00bb#55778C\u00a0\u00bb text_letter_spacing=\u00a0\u00bb6px\u00a0\u00bb global_colors_info=\u00a0\u00bb{}\u00a0\u00bb]<\/p>\n<h3 class=\"txt_subtitle txt_subtitle_spe\" style=\"text-align: center;\">TOUTES LES SP\u00c9CIALIT\u00c9S DU DR BEKRI CHIRURGIEN SP\u00c9CIALIS\u00c9 EN GYN\u00c9COLOGIE ET OBST\u00c9TRIQUE<\/h3>\n<p>[\/et_pb_text][et_pb_text _builder_version=\u00a0\u00bb4.27.6&Prime; _module_preset=\u00a0\u00bbdefault\u00a0\u00bb text_letter_spacing=\u00a0\u00bb4px\u00a0\u00bb text_line_height=\u00a0\u00bb1.9em\u00a0\u00bb global_colors_info=\u00a0\u00bb{}\u00a0\u00bb]<\/p>\n<p><span>Depuis plus de 20 ans le Docteur Bekri a fait le choix, par passion de son m\u00e9tier et envie d&rsquo;\u00eatre en capacit\u00e9 de r\u00e9pondre \u00e0 toutes les probl\u00e9matiques que peuvent rencontrer les femmes, de se former \u00e0 l&rsquo;ensemble des sp\u00e9cialit\u00e9s de la gyn\u00e9cologie.<\/span><\/p>\n<p>[\/et_pb_text][et_pb_divider _builder_version=\u00a0\u00bb4.27.6&Prime; _module_preset=\u00a0\u00bbdefault\u00a0\u00bb global_colors_info=\u00a0\u00bb{}\u00a0\u00bb][\/et_pb_divider][\/et_pb_column][\/et_pb_row][et_pb_row column_structure=\u00a0\u00bb1_2,1_2&Prime; _builder_version=\u00a0\u00bb4.27.6&Prime; _module_preset=\u00a0\u00bbdefault\u00a0\u00bb global_colors_info=\u00a0\u00bb{}\u00a0\u00bb][et_pb_column type=\u00a0\u00bb1_2&Prime; _builder_version=\u00a0\u00bb4.27.6&Prime; _module_preset=\u00a0\u00bbdefault\u00a0\u00bb global_colors_info=\u00a0\u00bb{}\u00a0\u00bb][et_pb_text _builder_version=\u00a0\u00bb4.27.6&Prime; _module_preset=\u00a0\u00bbdefault\u00a0\u00bb global_colors_info=\u00a0\u00bb{}\u00a0\u00bb]<\/p>\n<h1 class=\"txt_title mobile_txt_title_spe\">Gyn\u00e9cologie<\/h1>\n<h3 class=\"txt_subtitle mobile_txt_subtitle_spe\"><span>UN CABINET SP\u00c9CIALIS\u00c9<\/span><\/h3>\n<p>[\/et_pb_text][et_pb_text _builder_version=\u00a0\u00bb4.27.6&Prime; _module_preset=\u00a0\u00bbdefault\u00a0\u00bb text_text_color=\u00a0\u00bb#55778C\u00a0\u00bb text_font_size=\u00a0\u00bb15px\u00a0\u00bb text_letter_spacing=\u00a0\u00bb3px\u00a0\u00bb text_line_height=\u00a0\u00bb1.8em\u00a0\u00bb global_colors_info=\u00a0\u00bb{}\u00a0\u00bb]<\/p>\n<p class=\"txt_paragraphe\" style=\"text-align: justify;\"><span>En faisant le choix de la sp\u00e9cialisation, le docteur Bekri s&rsquo;adresse ainsi \u00e0 toutes les g\u00e9n\u00e9rations de femmes, suivant les patientes \u00e0 plusieurs moments de leur parcours de vie, de l&rsquo;adolescente venue pour une premi\u00e8re consultation gyn\u00e9cologique, \u00e0 la jeune femme, \u00e0 la femme d&rsquo;\u00e2ge m\u00fbr en pr\u00e9 m\u00e9nopause ou m\u00e9nopaus\u00e9e, jusqu&rsquo;\u00e0 la femme \u00e2g\u00e9e. Sa pratique est aussi g\u00e9n\u00e9raliste que sp\u00e9cialis\u00e9e, cibl\u00e9e qu&rsquo;interg\u00e9n\u00e9rationnelle, touchant \u00e0 toutes les sous-sp\u00e9cialisations de la Gyn\u00e9cologie et de l&rsquo;Obst\u00e9trique.<\/span><\/p>\n<p class=\"hidden-text\">Aux c\u00f4t\u00e9s des consultations gyn\u00e9cologiques, des suivis de grossesse, ou de tout ce qui concerne la contraception, le Dr Bekri s&rsquo;est sp\u00e9cialis\u00e9 dans des segments moins couramment pratiqu\u00e9s par les gyn\u00e9cologues, comme l&rsquo;uro-gyn\u00e9cologie (descentes d&rsquo;organes ou incontinences urinaires notamment), onco-gyn\u00e9cologie (cancers du sein, cancers pelviens : cancers de l&rsquo;ut\u00e9rus et des ovaires), chirurgie gyn\u00e9cologique (endom\u00e9triose, infertilit\u00e9, fibromes ut\u00e9rins et d&rsquo;autres), m\u00e9decine de la reproduction (bilan et prise en charge de l&rsquo;infertilit\u00e9), ou encore les explorations (\u00e9chographie, colposcopie, hyst\u00e9roscopie, laparoscopie).<\/p>\n<p>[\/et_pb_text][\/et_pb_column][et_pb_column type=\u00a0\u00bb1_2&Prime; _builder_version=\u00a0\u00bb4.27.6&Prime; _module_preset=\u00a0\u00bbdefault\u00a0\u00bb global_colors_info=\u00a0\u00bb{}\u00a0\u00bb][et_pb_image src=\u00a0\u00bbhttps:\/\/gynecologue-meyrin.ch\/wp-content\/uploads\/2026\/03\/specialites-gynecologie-2.jpg\u00a0\u00bb title_text=\u00a0\u00bbspecialites-gynecologie\u00a0\u00bb _builder_version=\u00a0\u00bb4.27.6&Prime; _module_preset=\u00a0\u00bbdefault\u00a0\u00bb max_width=\u00a0\u00bb45%\u00a0\u00bb global_colors_info=\u00a0\u00bb{}\u00a0\u00bb][\/et_pb_image][et_pb_button button_text=\u00a0\u00bbConsultation\u00a0\u00bb _builder_version=\u00a0\u00bb4.27.6&Prime; _module_preset=\u00a0\u00bbdefault\u00a0\u00bb custom_button=\u00a0\u00bbon\u00a0\u00bb button_text_color=\u00a0\u00bb#55778C\u00a0\u00bb button_border_width=\u00a0\u00bb0px\u00a0\u00bb button_letter_spacing=\u00a0\u00bb3px\u00a0\u00bb background_layout=\u00a0\u00bbdark\u00a0\u00bb global_colors_info=\u00a0\u00bb{}\u00a0\u00bb][\/et_pb_button][et_pb_divider _builder_version=\u00a0\u00bb4.27.6&Prime; _module_preset=\u00a0\u00bbdefault\u00a0\u00bb global_colors_info=\u00a0\u00bb{}\u00a0\u00bb][\/et_pb_divider][et_pb_button button_text=\u00a0\u00bbContraception\u00a0\u00bb _builder_version=\u00a0\u00bb4.27.6&Prime; _module_preset=\u00a0\u00bbdefault\u00a0\u00bb custom_button=\u00a0\u00bbon\u00a0\u00bb button_text_color=\u00a0\u00bb#55778C\u00a0\u00bb button_border_width=\u00a0\u00bb0px\u00a0\u00bb button_letter_spacing=\u00a0\u00bb3px\u00a0\u00bb background_layout=\u00a0\u00bbdark\u00a0\u00bb global_colors_info=\u00a0\u00bb{}\u00a0\u00bb][\/et_pb_button][et_pb_divider _builder_version=\u00a0\u00bb4.27.6&Prime; _module_preset=\u00a0\u00bbdefault\u00a0\u00bb global_colors_info=\u00a0\u00bb{}\u00a0\u00bb][\/et_pb_divider][et_pb_button button_text=\u00a0\u00bbOnco-gyn\u00e9cologie\u00a0\u00bb _builder_version=\u00a0\u00bb4.27.6&Prime; _module_preset=\u00a0\u00bbdefault\u00a0\u00bb custom_button=\u00a0\u00bbon\u00a0\u00bb button_text_color=\u00a0\u00bb#55778C\u00a0\u00bb button_border_width=\u00a0\u00bb0px\u00a0\u00bb button_letter_spacing=\u00a0\u00bb3px\u00a0\u00bb background_layout=\u00a0\u00bbdark\u00a0\u00bb global_colors_info=\u00a0\u00bb{}\u00a0\u00bb][\/et_pb_button][et_pb_divider _builder_version=\u00a0\u00bb4.27.6&Prime; _module_preset=\u00a0\u00bbdefault\u00a0\u00bb global_colors_info=\u00a0\u00bb{}\u00a0\u00bb][\/et_pb_divider][et_pb_button button_text=\u00a0\u00bbChirurgie gyn\u00e9cologie\u00a0\u00bb _builder_version=\u00a0\u00bb4.27.6&Prime; _module_preset=\u00a0\u00bbdefault\u00a0\u00bb custom_button=\u00a0\u00bbon\u00a0\u00bb button_text_color=\u00a0\u00bb#55778C\u00a0\u00bb button_border_width=\u00a0\u00bb0px\u00a0\u00bb button_letter_spacing=\u00a0\u00bb3px\u00a0\u00bb background_layout=\u00a0\u00bbdark\u00a0\u00bb global_colors_info=\u00a0\u00bb{}\u00a0\u00bb][\/et_pb_button][et_pb_divider _builder_version=\u00a0\u00bb4.27.6&Prime; _module_preset=\u00a0\u00bbdefault\u00a0\u00bb global_colors_info=\u00a0\u00bb{}\u00a0\u00bb][\/et_pb_divider][et_pb_button button_text=\u00a0\u00bbExplorations\u00a0\u00bb _builder_version=\u00a0\u00bb4.27.6&Prime; _module_preset=\u00a0\u00bbdefault\u00a0\u00bb custom_button=\u00a0\u00bbon\u00a0\u00bb button_text_color=\u00a0\u00bb#55778C\u00a0\u00bb button_border_width=\u00a0\u00bb0px\u00a0\u00bb button_letter_spacing=\u00a0\u00bb3px\u00a0\u00bb background_layout=\u00a0\u00bbdark\u00a0\u00bb global_colors_info=\u00a0\u00bb{}\u00a0\u00bb][\/et_pb_button][et_pb_divider _builder_version=\u00a0\u00bb4.27.6&Prime; _module_preset=\u00a0\u00bbdefault\u00a0\u00bb global_colors_info=\u00a0\u00bb{}\u00a0\u00bb][\/et_pb_divider][et_pb_button button_text=\u00a0\u00bbUro-gyn\u00e9cologie\u00a0\u00bb _builder_version=\u00a0\u00bb4.27.6&Prime; _module_preset=\u00a0\u00bbdefault\u00a0\u00bb custom_button=\u00a0\u00bbon\u00a0\u00bb button_text_color=\u00a0\u00bb#55778C\u00a0\u00bb button_border_width=\u00a0\u00bb0px\u00a0\u00bb button_letter_spacing=\u00a0\u00bb3px\u00a0\u00bb background_layout=\u00a0\u00bbdark\u00a0\u00bb global_colors_info=\u00a0\u00bb{}\u00a0\u00bb][\/et_pb_button][et_pb_divider _builder_version=\u00a0\u00bb4.27.6&Prime; _module_preset=\u00a0\u00bbdefault\u00a0\u00bb global_colors_info=\u00a0\u00bb{}\u00a0\u00bb][\/et_pb_divider][et_pb_button button_text=\u00a0\u00bbM\u00e9decine de la reproduction\u00a0\u00bb _builder_version=\u00a0\u00bb4.27.6&Prime; _module_preset=\u00a0\u00bbdefault\u00a0\u00bb custom_button=\u00a0\u00bbon\u00a0\u00bb button_text_color=\u00a0\u00bb#55778C\u00a0\u00bb button_border_width=\u00a0\u00bb0px\u00a0\u00bb button_letter_spacing=\u00a0\u00bb3px\u00a0\u00bb background_layout=\u00a0\u00bbdark\u00a0\u00bb global_colors_info=\u00a0\u00bb{}\u00a0\u00bb][\/et_pb_button][et_pb_divider _builder_version=\u00a0\u00bb4.27.6&Prime; _module_preset=\u00a0\u00bbdefault\u00a0\u00bb global_colors_info=\u00a0\u00bb{}\u00a0\u00bb][\/et_pb_divider][\/et_pb_column][\/et_pb_row][et_pb_row column_structure=\u00a0\u00bb1_2,1_2&Prime; _builder_version=\u00a0\u00bb4.27.6&Prime; _module_preset=\u00a0\u00bbdefault\u00a0\u00bb global_colors_info=\u00a0\u00bb{}\u00a0\u00bb][et_pb_column type=\u00a0\u00bb1_2&Prime; _builder_version=\u00a0\u00bb4.27.6&Prime; _module_preset=\u00a0\u00bbdefault\u00a0\u00bb global_colors_info=\u00a0\u00bb{}\u00a0\u00bb][et_pb_image src=\u00a0\u00bbhttps:\/\/gynecologue-meyrin.ch\/wp-content\/uploads\/2026\/03\/specialites-obstetrique-1.jpg\u00a0\u00bb title_text=\u00a0\u00bbspecialites-obstetrique\u00a0\u00bb _builder_version=\u00a0\u00bb4.27.6&Prime; _module_preset=\u00a0\u00bbdefault\u00a0\u00bb max_width=\u00a0\u00bb51%\u00a0\u00bb global_colors_info=\u00a0\u00bb{}\u00a0\u00bb][\/et_pb_image][\/et_pb_column][et_pb_column type=\u00a0\u00bb1_2&Prime; _builder_version=\u00a0\u00bb4.27.6&Prime; _module_preset=\u00a0\u00bbdefault\u00a0\u00bb global_colors_info=\u00a0\u00bb{}\u00a0\u00bb][et_pb_text _builder_version=\u00a0\u00bb4.27.6&Prime; _module_preset=\u00a0\u00bbdefault\u00a0\u00bb text_letter_spacing=\u00a0\u00bb3px\u00a0\u00bb global_colors_info=\u00a0\u00bb{}\u00a0\u00bb]<\/p>\n<h1 class=\"txt_title mobile_txt_title_spe\"><strong>Obst\u00e9trique<\/strong><\/h1>\n<p>&nbsp;<\/p>\n<p>&nbsp;<\/p>\n<h3 class=\"txt_subtitle mobile_txt_subtitle_spe\"><span>LE DR BEKRI, UN SP\u00c9CIALISTE DE L\u2019ACCOUCHEMENT QU&rsquo;Il PRATIQUE DANS TOUS les H\u00f4pitaux et touTES LES CLINIQUES du canton DE GEN\u00c8VE<\/span><\/h3>\n<p>[\/et_pb_text][et_pb_text _builder_version=\u00a0\u00bb4.27.6&Prime; _module_preset=\u00a0\u00bbdefault\u00a0\u00bb text_letter_spacing=\u00a0\u00bb1px\u00a0\u00bb text_line_height=\u00a0\u00bb1.9em\u00a0\u00bb global_colors_info=\u00a0\u00bb{}\u00a0\u00bb]<\/p>\n<p class=\"txt_paragraphe\"><span>Le Dr Bekri pratique \u00e9galement les accouchements dans tous les h\u00f4pitaux et\u00a0toutes les cliniques du canton de Gen\u00e8ve. Le suivi de grossesse est \u00e9galement fait de mani\u00e8re globale, le Dr Bekri \u00e9tant form\u00e9 pour suivre des grossesses normales, multiples, ou \u00e0 risques, et d&rsquo;accoucher ses patientes dans les trois cas. Par cette prise en charge globale, la patiente est rassur\u00e9e, faisant face \u00e0 un seul interlocuteur unique et hautement qualifi\u00e9 qui est en mesure de r\u00e9pondre et de s\u2019occuper de l&rsquo;ensemble de ses questionnements, doutes, probl\u00e8mes, voire maux, de plus ou moins grande gravit\u00e9 selon les cas&#8230;<\/span><\/p>\n<p>[\/et_pb_text][et_pb_button button_text=\u00a0\u00bbSuivi de grossesse\u00a0\u00bb _builder_version=\u00a0\u00bb4.27.6&Prime; _module_preset=\u00a0\u00bbdefault\u00a0\u00bb custom_button=\u00a0\u00bbon\u00a0\u00bb button_text_color=\u00a0\u00bb#000000&Prime; button_border_width=\u00a0\u00bb0px\u00a0\u00bb hover_enabled=\u00a0\u00bb0&Prime; global_colors_info=\u00a0\u00bb{}\u00a0\u00bb button_url=\u00a0\u00bbhttps:\/\/gynecologue-meyrin.ch\/?page_id=323&Prime; sticky_enabled=\u00a0\u00bb0&Prime;][\/et_pb_button][\/et_pb_column][\/et_pb_row][\/et_pb_section][et_pb_section fb_built=\u00a0\u00bb1&Prime; admin_label=\u00a0\u00bbbas \u00a0\u00bb _builder_version=\u00a0\u00bb4.27.6&Prime; _module_preset=\u00a0\u00bbdefault\u00a0\u00bb background_color=\u00a0\u00bb#55778c\u00a0\u00bb global_colors_info=\u00a0\u00bb{}\u00a0\u00bb][et_pb_row column_structure=\u00a0\u00bb1_2,1_4,1_4&Prime; _builder_version=\u00a0\u00bb4.27.5&Prime; _module_preset=\u00a0\u00bbdefault\u00a0\u00bb global_colors_info=\u00a0\u00bb{}\u00a0\u00bb][et_pb_column type=\u00a0\u00bb1_2&Prime; _builder_version=\u00a0\u00bb4.27.5&Prime; _module_preset=\u00a0\u00bbdefault\u00a0\u00bb global_colors_info=\u00a0\u00bb{}\u00a0\u00bb][et_pb_image src=\u00a0\u00bbhttps:\/\/gynecologue-meyrin.ch\/wp-content\/uploads\/2026\/03\/Logo-Docteur-Bekri-Desktop-N-1.png\u00a0\u00bb title_text=\u00a0\u00bbLogo-Docteur-Bekri-Desktop-N\u00a0\u00bb _builder_version=\u00a0\u00bb4.27.5&Prime; _module_preset=\u00a0\u00bbdefault\u00a0\u00bb global_colors_info=\u00a0\u00bb{}\u00a0\u00bb][\/et_pb_image][\/et_pb_column][et_pb_column type=\u00a0\u00bb1_4&Prime; _builder_version=\u00a0\u00bb4.27.5&Prime; _module_preset=\u00a0\u00bbdefault\u00a0\u00bb global_colors_info=\u00a0\u00bb{}\u00a0\u00bb][et_pb_text _builder_version=\u00a0\u00bb4.27.6&Prime; _module_preset=\u00a0\u00bbdefault\u00a0\u00bb global_colors_info=\u00a0\u00bb{}\u00a0\u00bb]<\/p>\n<p class=\"footer-title\"><span style=\"color: #ffffff;\">Coordonn\u00e9es<\/span><\/p>\n<div class=\"footer_info\">\n<p class=\"info1\"><span style=\"color: #ffffff;\">Av. J.-D.-Maillard 11,<\/span><\/p>\n<p class=\"info1\"><span style=\"color: #ffffff;\">1217 Meyrin, Suisse<\/span><\/p>\n<p class=\"info2\"><span style=\"color: #ffffff;\">T: +41 22 782 08 21<\/span><\/p>\n<p class=\"info2\"><span style=\"color: #ffffff;\">M: contact@drbekri-gynecologue.ch<\/span><\/p>\n<\/div>\n<p>[\/et_pb_text][\/et_pb_column][et_pb_column type=\u00a0\u00bb1_4&Prime; _builder_version=\u00a0\u00bb4.27.5&Prime; _module_preset=\u00a0\u00bbdefault\u00a0\u00bb global_colors_info=\u00a0\u00bb{}\u00a0\u00bb][et_pb_text _builder_version=\u00a0\u00bb4.27.6&Prime; _module_preset=\u00a0\u00bbdefault\u00a0\u00bb global_colors_info=\u00a0\u00bb{}\u00a0\u00bb]<\/p>\n<div class=\"footer-col3\">\n<h1 class=\"footer-title\"><span style=\"color: #ffffff;\">Les horaires du secretariat<\/span><\/h1>\n<p class=\"footer-descritpion\" style=\"text-align: center;\"><span style=\"color: #ffffff;\">Tous les jours, les matins\u00a0de 8h30 \u00e0 12h00 et les apr\u00e8s-midis de 13h00 \u00e0 16h00, sauf les mercredis.<\/span><\/p>\n<p><span style=\"color: #ffffff;\">\u00a0<\/span><\/p>\n<p><span class=\"border-left-span\" style=\"color: #ffffff;\">\u00a0<\/span><\/p>\n<p><span style=\"color: #ffffff;\">\u00a0<\/span><\/p>\n<\/div>\n<p>[\/et_pb_text][\/et_pb_column][\/et_pb_row][\/et_pb_section]<\/p>\n","protected":false},"excerpt":{"rendered":"<p>Nos p\u00f4lesd&rsquo;expertisesTOUTES LES SP\u00c9CIALIT\u00c9S DU DR BEKRI CHIRURGIEN SP\u00c9CIALIS\u00c9 EN GYN\u00c9COLOGIE ET OBST\u00c9TRIQUEDepuis plus de 20 ans le Docteur Bekri a fait le choix, par passion de son m\u00e9tier et envie d&rsquo;\u00eatre en capacit\u00e9 de r\u00e9pondre \u00e0 toutes les probl\u00e9matiques que peuvent rencontrer les femmes, de se former \u00e0 l&rsquo;ensemble des sp\u00e9cialit\u00e9s de la gyn\u00e9cologie.Gyn\u00e9cologie [&hellip;]<\/p>\n","protected":false},"author":1,"featured_media":0,"parent":0,"menu_order":0,"comment_status":"closed","ping_status":"closed","template":"","meta":{"_et_pb_use_builder":"on","_et_pb_old_content":"","_et_gb_content_width":"","footnotes":""},"class_list":["post-243","page","type-page","status-publish","hentry"],"_links":{"self":[{"href":"https:\/\/gynecologue-meyrin.ch\/index.php?rest_route=\/wp\/v2\/pages\/243","targetHints":{"allow":["GET"]}}],"collection":[{"href":"https:\/\/gynecologue-meyrin.ch\/index.php?rest_route=\/wp\/v2\/pages"}],"about":[{"href":"https:\/\/gynecologue-meyrin.ch\/index.php?rest_route=\/wp\/v2\/types\/page"}],"author":[{"embeddable":true,"href":"https:\/\/gynecologue-meyrin.ch\/index.php?rest_route=\/wp\/v2\/users\/1"}],"replies":[{"embeddable":true,"href":"https:\/\/gynecologue-meyrin.ch\/index.php?rest_route=%2Fwp%2Fv2%2Fcomments&post=243"}],"version-history":[{"count":8,"href":"https:\/\/gynecologue-meyrin.ch\/index.php?rest_route=\/wp\/v2\/pages\/243\/revisions"}],"predecessor-version":[{"id":437,"href":"https:\/\/gynecologue-meyrin.ch\/index.php?rest_route=\/wp\/v2\/pages\/243\/revisions\/437"}],"wp:attachment":[{"href":"https:\/\/gynecologue-meyrin.ch\/index.php?rest_route=%2Fwp%2Fv2%2Fmedia&parent=243"}],"curies":[{"name":"wp","href":"https:\/\/api.w.org\/{rel}","templated":true}]}}