{"id":268,"date":"2026-03-21T15:30:36","date_gmt":"2026-03-21T13:30:36","guid":{"rendered":"https:\/\/gynecologue-meyrin.ch\/?page_id=268"},"modified":"2026-03-21T16:51:42","modified_gmt":"2026-03-21T14:51:42","slug":"chirugie-gynecologie","status":"publish","type":"page","link":"https:\/\/gynecologue-meyrin.ch\/?page_id=268","title":{"rendered":"CHIRUGIE GYNECOLOGIE"},"content":{"rendered":"<p>[et_pb_section fb_built=\u00a0\u00bb1&Prime; _builder_version=\u00a0\u00bb4.27.6&Prime; _module_preset=\u00a0\u00bbdefault\u00a0\u00bb background_image=\u00a0\u00bbhttps:\/\/gynecologue-meyrin.ch\/wp-content\/uploads\/2026\/03\/Chirurgie-gynecologique.png\u00a0\u00bb hover_enabled=\u00a0\u00bb0&Prime; global_colors_info=\u00a0\u00bb{}\u00a0\u00bb title_text=\u00a0\u00bbChirurgie gyn\u00e9cologique\u00a0\u00bb sticky_enabled=\u00a0\u00bb0&Prime;][et_pb_row _builder_version=\u00a0\u00bb4.27.6&Prime; _module_preset=\u00a0\u00bbdefault\u00a0\u00bb global_colors_info=\u00a0\u00bb{}\u00a0\u00bb][et_pb_column type=\u00a0\u00bb4_4&Prime; _builder_version=\u00a0\u00bb4.27.6&Prime; _module_preset=\u00a0\u00bbdefault\u00a0\u00bb global_colors_info=\u00a0\u00bb{}\u00a0\u00bb][\/et_pb_column][\/et_pb_row][\/et_pb_section][et_pb_section fb_built=\u00a0\u00bb1&Prime; _builder_version=\u00a0\u00bb4.27.6&Prime; _module_preset=\u00a0\u00bbdefault\u00a0\u00bb global_colors_info=\u00a0\u00bb{}\u00a0\u00bb][et_pb_row column_structure=\u00a0\u00bb1_2,1_2&Prime; _builder_version=\u00a0\u00bb4.27.6&Prime; _module_preset=\u00a0\u00bbdefault\u00a0\u00bb global_colors_info=\u00a0\u00bb{}\u00a0\u00bb][et_pb_column type=\u00a0\u00bb1_2&Prime; _builder_version=\u00a0\u00bb4.27.6&Prime; _module_preset=\u00a0\u00bbdefault\u00a0\u00bb global_colors_info=\u00a0\u00bb{}\u00a0\u00bb][et_pb_image src=\u00a0\u00bbhttps:\/\/gynecologue-meyrin.ch\/wp-content\/uploads\/2026\/03\/Photo-1-Explorations-Sous-Specialites.png\u00a0\u00bb title_text=\u00a0\u00bbPhoto-1-Explorations-Sous-Specialites\u00a0\u00bb _builder_version=\u00a0\u00bb4.27.6&Prime; _module_preset=\u00a0\u00bbdefault\u00a0\u00bb max_width=\u00a0\u00bb70%\u00a0\u00bb global_colors_info=\u00a0\u00bb{}\u00a0\u00bb][\/et_pb_image][\/et_pb_column][et_pb_column type=\u00a0\u00bb1_2&Prime; _builder_version=\u00a0\u00bb4.27.6&Prime; _module_preset=\u00a0\u00bbdefault\u00a0\u00bb global_colors_info=\u00a0\u00bb{}\u00a0\u00bb][et_pb_text _builder_version=\u00a0\u00bb4.27.6&Prime; _module_preset=\u00a0\u00bbdefault\u00a0\u00bb text_letter_spacing=\u00a0\u00bb4px\u00a0\u00bb text_line_height=\u00a0\u00bb1.8em\u00a0\u00bb custom_padding=\u00a0\u00bb||0px|||\u00a0\u00bb hover_enabled=\u00a0\u00bb0&Prime; global_colors_info=\u00a0\u00bb{}\u00a0\u00bb sticky_enabled=\u00a0\u00bb0&Prime;]<\/p>\n<h1 class=\"txt_title mobile_txt_title\"><strong>Chirurgie gyn\u00e9cologique<\/strong><\/h1>\n<h3 class=\"txt_subtitle\"><\/h3>\n<p>[\/et_pb_text][et_pb_text _builder_version=\u00a0\u00bb4.27.6&Prime; _module_preset=\u00a0\u00bbdefault\u00a0\u00bb text_letter_spacing=\u00a0\u00bb2px\u00a0\u00bb custom_padding=\u00a0\u00bb||0px|||\u00a0\u00bb hover_enabled=\u00a0\u00bb0&Prime; global_colors_info=\u00a0\u00bb{}\u00a0\u00bb text_line_height=\u00a0\u00bb2.2em\u00a0\u00bb header_letter_spacing=\u00a0\u00bb1px\u00a0\u00bb sticky_enabled=\u00a0\u00bb0&Prime;]<\/p>\n<h3 class=\"txt_subtitle\"><span>Le Dr Bekri sp\u00e9cialiste de la chirurgie gyn\u00e9cologique \u00e0 Meyrin<\/span><\/h3>\n<h3 class=\"txt_subtitle\"><\/h3>\n<p>[\/et_pb_text][et_pb_text _builder_version=\u00a0\u00bb4.27.6&Prime; _module_preset=\u00a0\u00bbdefault\u00a0\u00bb text_letter_spacing=\u00a0\u00bb3px\u00a0\u00bb text_line_height=\u00a0\u00bb2em\u00a0\u00bb custom_padding=\u00a0\u00bb||0px|||\u00a0\u00bb hover_enabled=\u00a0\u00bb0&Prime; global_colors_info=\u00a0\u00bb{}\u00a0\u00bb sticky_enabled=\u00a0\u00bb0&Prime;]<\/p>\n<p class=\"txt_paragraphe\"><span>Le Docteur Bekri a une formation approfondie en chirurgie gyn\u00e9cologique et op\u00e8re ainsi lui-m\u00eame ses patientes lorsque la situation le requiert.<\/span><\/p>\n<p>[\/et_pb_text][\/et_pb_column][\/et_pb_row][et_pb_row column_structure=\u00a0\u00bb1_2,1_2&Prime; _builder_version=\u00a0\u00bb4.27.6&Prime; _module_preset=\u00a0\u00bbdefault\u00a0\u00bb global_colors_info=\u00a0\u00bb{}\u00a0\u00bb][et_pb_column type=\u00a0\u00bb1_2&Prime; _builder_version=\u00a0\u00bb4.27.6&Prime; _module_preset=\u00a0\u00bbdefault\u00a0\u00bb global_colors_info=\u00a0\u00bb{}\u00a0\u00bb][et_pb_text _builder_version=\u00a0\u00bb4.27.6&Prime; _module_preset=\u00a0\u00bbdefault\u00a0\u00bb global_colors_info=\u00a0\u00bb{}\u00a0\u00bb]<\/p>\n<h3 class=\"txt_subtitle\">LE DR BEKRI, UN SP\u00c9CIALISTE \u00c0 VOS C\u00d4TES DURANT TOUTES LES PHASES, DU DIAGNOSTIC AU TRAITEMENT<\/h3>\n<p>Le Dr Bekri intervient sur tout le processus, de la d\u00e9tection du probl\u00e8me lors de la consultation gyn\u00e9cologique, \u00e0 l&rsquo;\u00e9tablissement d&rsquo;un diagnostic, \u00e0 la mise en place d&rsquo;un protocole de prise en charge, jusqu&rsquo;\u00e0 op\u00e9rer la patiente lorsque cela est n\u00e9cessaire. Tout le suivi post-op\u00e9ratoire et la reprise d&rsquo;un suivi \u00ab\u00a0normal\u00a0\u00bb apr\u00e8s gu\u00e9rison sont \u00e9galement faits par le Dr Bekri.<\/p>\n<p>La chirurgie gyn\u00e9cologique s&rsquo;applique lorsque des op\u00e9rations sont n\u00e9cessaires, apr\u00e8s \u00e9tablissement d&rsquo;un diagnostic :<br \/>\u2043 Saignements ut\u00e9rins ne r\u00e9pondant pas au traitement m\u00e9dical, n\u00e9cessitant soit un traitement chirurgical conservateur : hyst\u00e9roscopie avec ablation de polypes, de fibromes ou de l&rsquo;endom\u00e8tre.<\/p>\n<p>Soit un traitement radical par hyst\u00e9rectomie qui pourrait se r\u00e9aliser\u00a0 par voie vaginale, laparoscopique, ou avec robot.<\/p>\n<p>[\/et_pb_text][\/et_pb_column][et_pb_column type=\u00a0\u00bb1_2&Prime; _builder_version=\u00a0\u00bb4.27.6&Prime; _module_preset=\u00a0\u00bbdefault\u00a0\u00bb global_colors_info=\u00a0\u00bb{}\u00a0\u00bb][et_pb_text _builder_version=\u00a0\u00bb4.27.6&Prime; _module_preset=\u00a0\u00bbdefault\u00a0\u00bb global_colors_info=\u00a0\u00bb{}\u00a0\u00bb]<\/p>\n<p>\u2043 Infertilit\u00e9 : chirurgie tubaire, endom\u00e9triose.<br \/>\u2043 Incontinence urinaire : mise en place d&rsquo;une bandelette sous-ur\u00e9thrale TVTO, TVT.<br \/>\u2043 Descente d&rsquo;organes : chirurgie des prolapsus uro-g\u00e9nitaux par voie laparoscopique ou par voie vaginale.<br \/>\u2043 Kyste ovarien, fibrome ut\u00e9rin, etc.<\/p>\n<p>\u2043 Chirurgie de l&rsquo;endom\u00e9triose<br \/>\u2043 Etc.<\/p>\n<p>Les op\u00e9rations peuvent se faire selon diff\u00e9rentes techniques que le Dr Bekri ma\u00eetrise dans leur totalit\u00e9. Il peut s&rsquo;agir d&rsquo;une op\u00e9ration par voie abdominale, par voie vaginale, laparoscopique (via l&rsquo;introduction d&rsquo;un instrument optique dans la cavit\u00e9 abdominale), ou encore assist\u00e9e par robot.<\/p>\n<p>[\/et_pb_text][\/et_pb_column][\/et_pb_row][\/et_pb_section][et_pb_section fb_built=\u00a0\u00bb1&Prime; _builder_version=\u00a0\u00bb4.27.6&Prime; _module_preset=\u00a0\u00bbdefault\u00a0\u00bb background_image=\u00a0\u00bbhttps:\/\/gynecologue-meyrin.ch\/wp-content\/uploads\/2026\/03\/BUREAU-DENTREE.png\u00a0\u00bb max_width=\u00a0\u00bb100%\u00a0\u00bb height=\u00a0\u00bb432px\u00a0\u00bb animation_style=\u00a0\u00bbslide\u00a0\u00bb global_colors_info=\u00a0\u00bb{}\u00a0\u00bb][\/et_pb_section][et_pb_section fb_built=\u00a0\u00bb1&Prime; admin_label=\u00a0\u00bbbas \u00a0\u00bb _builder_version=\u00a0\u00bb4.27.6&Prime; _module_preset=\u00a0\u00bbdefault\u00a0\u00bb background_color=\u00a0\u00bb#55778c\u00a0\u00bb global_colors_info=\u00a0\u00bb{}\u00a0\u00bb][et_pb_row column_structure=\u00a0\u00bb1_2,1_4,1_4&Prime; _builder_version=\u00a0\u00bb4.27.5&Prime; _module_preset=\u00a0\u00bbdefault\u00a0\u00bb global_colors_info=\u00a0\u00bb{}\u00a0\u00bb][et_pb_column type=\u00a0\u00bb1_2&Prime; _builder_version=\u00a0\u00bb4.27.5&Prime; _module_preset=\u00a0\u00bbdefault\u00a0\u00bb global_colors_info=\u00a0\u00bb{}\u00a0\u00bb][et_pb_image src=\u00a0\u00bbhttps:\/\/gynecologue-meyrin.ch\/wp-content\/uploads\/2026\/03\/Logo-Docteur-Bekri-Desktop-N-1.png\u00a0\u00bb title_text=\u00a0\u00bbLogo-Docteur-Bekri-Desktop-N\u00a0\u00bb _builder_version=\u00a0\u00bb4.27.5&Prime; _module_preset=\u00a0\u00bbdefault\u00a0\u00bb global_colors_info=\u00a0\u00bb{}\u00a0\u00bb][\/et_pb_image][\/et_pb_column][et_pb_column type=\u00a0\u00bb1_4&Prime; _builder_version=\u00a0\u00bb4.27.5&Prime; _module_preset=\u00a0\u00bbdefault\u00a0\u00bb global_colors_info=\u00a0\u00bb{}\u00a0\u00bb][et_pb_text _builder_version=\u00a0\u00bb4.27.6&Prime; _module_preset=\u00a0\u00bbdefault\u00a0\u00bb global_colors_info=\u00a0\u00bb{}\u00a0\u00bb]<\/p>\n<p class=\"footer-title\"><span style=\"color: #ffffff;\">Coordonn\u00e9es<\/span><\/p>\n<div class=\"footer_info\">\n<p class=\"info1\"><span style=\"color: #ffffff;\">Av. J.-D.-Maillard 11,<\/span><\/p>\n<p class=\"info1\"><span style=\"color: #ffffff;\">1217 Meyrin, Suisse<\/span><\/p>\n<p class=\"info2\"><span style=\"color: #ffffff;\">T: +41 22 782 08 21<\/span><\/p>\n<p class=\"info2\"><span style=\"color: #ffffff;\">M: contact@drbekri-gynecologue.ch<\/span><\/p>\n<\/div>\n<p>[\/et_pb_text][\/et_pb_column][et_pb_column type=\u00a0\u00bb1_4&Prime; _builder_version=\u00a0\u00bb4.27.5&Prime; _module_preset=\u00a0\u00bbdefault\u00a0\u00bb global_colors_info=\u00a0\u00bb{}\u00a0\u00bb][et_pb_text _builder_version=\u00a0\u00bb4.27.6&Prime; _module_preset=\u00a0\u00bbdefault\u00a0\u00bb global_colors_info=\u00a0\u00bb{}\u00a0\u00bb]<\/p>\n<div class=\"footer-col3\">\n<h1 class=\"footer-title\"><span style=\"color: #ffffff;\">Les horaires du secretariat<\/span><\/h1>\n<p class=\"footer-descritpion\" style=\"text-align: center;\"><span style=\"color: #ffffff;\">Tous les jours, les matins\u00a0de 8h30 \u00e0 12h00 et les apr\u00e8s-midis de 13h00 \u00e0 16h00, sauf les mercredis.<\/span><\/p>\n<p><span style=\"color: #ffffff;\">\u00a0<\/span><\/p>\n<p><span class=\"border-left-span\" style=\"color: #ffffff;\">\u00a0<\/span><\/p>\n<p><span style=\"color: #ffffff;\">\u00a0<\/span><\/p>\n<\/div>\n<p>[\/et_pb_text][\/et_pb_column][\/et_pb_row][\/et_pb_section]<\/p>\n","protected":false},"excerpt":{"rendered":"<p>Chirurgie gyn\u00e9cologique Le Dr Bekri sp\u00e9cialiste de la chirurgie gyn\u00e9cologique \u00e0 Meyrin Le Docteur Bekri a une formation approfondie en chirurgie gyn\u00e9cologique et op\u00e8re ainsi lui-m\u00eame ses patientes lorsque la situation le requiert.LE DR BEKRI, UN SP\u00c9CIALISTE \u00c0 VOS C\u00d4TES DURANT TOUTES LES PHASES, DU DIAGNOSTIC AU TRAITEMENT Le Dr Bekri intervient sur tout le [&hellip;]<\/p>\n","protected":false},"author":1,"featured_media":0,"parent":0,"menu_order":0,"comment_status":"closed","ping_status":"closed","template":"","meta":{"_et_pb_use_builder":"on","_et_pb_old_content":"","_et_gb_content_width":"","footnotes":""},"class_list":["post-268","page","type-page","status-publish","hentry"],"_links":{"self":[{"href":"https:\/\/gynecologue-meyrin.ch\/index.php?rest_route=\/wp\/v2\/pages\/268","targetHints":{"allow":["GET"]}}],"collection":[{"href":"https:\/\/gynecologue-meyrin.ch\/index.php?rest_route=\/wp\/v2\/pages"}],"about":[{"href":"https:\/\/gynecologue-meyrin.ch\/index.php?rest_route=\/wp\/v2\/types\/page"}],"author":[{"embeddable":true,"href":"https:\/\/gynecologue-meyrin.ch\/index.php?rest_route=\/wp\/v2\/users\/1"}],"replies":[{"embeddable":true,"href":"https:\/\/gynecologue-meyrin.ch\/index.php?rest_route=%2Fwp%2Fv2%2Fcomments&post=268"}],"version-history":[{"count":4,"href":"https:\/\/gynecologue-meyrin.ch\/index.php?rest_route=\/wp\/v2\/pages\/268\/revisions"}],"predecessor-version":[{"id":361,"href":"https:\/\/gynecologue-meyrin.ch\/index.php?rest_route=\/wp\/v2\/pages\/268\/revisions\/361"}],"wp:attachment":[{"href":"https:\/\/gynecologue-meyrin.ch\/index.php?rest_route=%2Fwp%2Fv2%2Fmedia&parent=268"}],"curies":[{"name":"wp","href":"https:\/\/api.w.org\/{rel}","templated":true}]}}