{"id":312,"date":"2026-03-21T15:41:05","date_gmt":"2026-03-21T13:41:05","guid":{"rendered":"https:\/\/gynecologue-meyrin.ch\/?page_id=312"},"modified":"2026-03-21T15:45:43","modified_gmt":"2026-03-21T13:45:43","slug":"model","status":"publish","type":"page","link":"https:\/\/gynecologue-meyrin.ch\/?page_id=312","title":{"rendered":"MEDECINE DE LA REPRODUCTION"},"content":{"rendered":"<p>[et_pb_section fb_built=\u00a0\u00bb1&Prime; _builder_version=\u00a0\u00bb4.27.6&Prime; _module_preset=\u00a0\u00bbdefault\u00a0\u00bb background_image=\u00a0\u00bbhttps:\/\/gynecologue-meyrin.ch\/wp-content\/uploads\/2026\/03\/MEDECINE-DE-LA-REPRODUCTION.png\u00a0\u00bb hover_enabled=\u00a0\u00bb0&Prime; global_colors_info=\u00a0\u00bb{}\u00a0\u00bb title_text=\u00a0\u00bbMEDECINE DE LA REPRODUCTION\u00a0\u00bb sticky_enabled=\u00a0\u00bb0&Prime;][et_pb_row _builder_version=\u00a0\u00bb4.27.6&Prime; _module_preset=\u00a0\u00bbdefault\u00a0\u00bb global_colors_info=\u00a0\u00bb{}\u00a0\u00bb][et_pb_column type=\u00a0\u00bb4_4&Prime; _builder_version=\u00a0\u00bb4.27.6&Prime; _module_preset=\u00a0\u00bbdefault\u00a0\u00bb global_colors_info=\u00a0\u00bb{}\u00a0\u00bb][\/et_pb_column][\/et_pb_row][\/et_pb_section][et_pb_section fb_built=\u00a0\u00bb1&Prime; _builder_version=\u00a0\u00bb4.27.6&Prime; _module_preset=\u00a0\u00bbdefault\u00a0\u00bb global_colors_info=\u00a0\u00bb{}\u00a0\u00bb][et_pb_row column_structure=\u00a0\u00bb1_2,1_2&Prime; _builder_version=\u00a0\u00bb4.27.6&Prime; _module_preset=\u00a0\u00bbdefault\u00a0\u00bb global_colors_info=\u00a0\u00bb{}\u00a0\u00bb][et_pb_column type=\u00a0\u00bb1_2&Prime; _builder_version=\u00a0\u00bb4.27.6&Prime; _module_preset=\u00a0\u00bbdefault\u00a0\u00bb global_colors_info=\u00a0\u00bb{}\u00a0\u00bb][et_pb_image src=\u00a0\u00bbhttps:\/\/gynecologue-meyrin.ch\/wp-content\/uploads\/2026\/03\/SousSpecialites-Gyn-Medecine-Reproduction.png\u00a0\u00bb title_text=\u00a0\u00bbSousSpecialites-Gyn-Medecine-Reproduction\u00a0\u00bb _builder_version=\u00a0\u00bb4.27.6&Prime; _module_preset=\u00a0\u00bbdefault\u00a0\u00bb max_width=\u00a0\u00bb70%\u00a0\u00bb hover_enabled=\u00a0\u00bb0&Prime; global_colors_info=\u00a0\u00bb{}\u00a0\u00bb sticky_enabled=\u00a0\u00bb0&Prime;][\/et_pb_image][\/et_pb_column][et_pb_column type=\u00a0\u00bb1_2&Prime; _builder_version=\u00a0\u00bb4.27.6&Prime; _module_preset=\u00a0\u00bbdefault\u00a0\u00bb global_colors_info=\u00a0\u00bb{}\u00a0\u00bb][et_pb_text _builder_version=\u00a0\u00bb4.27.6&Prime; _module_preset=\u00a0\u00bbdefault\u00a0\u00bb custom_padding=\u00a0\u00bb||0px|||\u00a0\u00bb hover_enabled=\u00a0\u00bb0&Prime; global_colors_info=\u00a0\u00bb{}\u00a0\u00bb sticky_enabled=\u00a0\u00bb0&Prime;]<\/p>\n<h1 class=\"txt_title mobile_txt_title\"><span>M\u00e9decine de la reproduction<\/span><\/h1>\n<h3 class=\"txt_subtitle\"><\/h3>\n<p>[\/et_pb_text][et_pb_text _builder_version=\u00a0\u00bb4.27.6&Prime; _module_preset=\u00a0\u00bbdefault\u00a0\u00bb custom_padding=\u00a0\u00bb||0px|||\u00a0\u00bb hover_enabled=\u00a0\u00bb0&Prime; global_colors_info=\u00a0\u00bb{}\u00a0\u00bb sticky_enabled=\u00a0\u00bb0&Prime;]<\/p>\n<h3 class=\"txt_subtitle\"><span>Dr Taoufik Bekri gyn\u00e9cologue\u00a0depuis plus de 20 ans<\/span><\/h3>\n<h3 class=\"txt_subtitle\"><\/h3>\n<p>[\/et_pb_text][et_pb_text _builder_version=\u00a0\u00bb4.27.6&Prime; _module_preset=\u00a0\u00bbdefault\u00a0\u00bb custom_padding=\u00a0\u00bb||0px|||\u00a0\u00bb hover_enabled=\u00a0\u00bb0&Prime; global_colors_info=\u00a0\u00bb{}\u00a0\u00bb sticky_enabled=\u00a0\u00bb0&Prime;]<\/p>\n<p class=\"txt_paragraphe\">La m\u00e9decine de la reproduction concerne tout ce qui est li\u00e9 \u00e0 l&rsquo;aide \u00e0 la procr\u00e9ation, dans le but d&rsquo;obtenir une grossesse. Cette sp\u00e9cialit\u00e9 de la gyn\u00e9cologie concerne toutes les femmes (et couples) d\u00e9sireuses d&rsquo;une grossesse.<\/p>\n<p>[\/et_pb_text][et_pb_divider _builder_version=\u00a0\u00bb4.27.6&Prime; _module_preset=\u00a0\u00bbdefault\u00a0\u00bb hover_enabled=\u00a0\u00bb0&Prime; sticky_enabled=\u00a0\u00bb0&Prime;][\/et_pb_divider][\/et_pb_column][\/et_pb_row][et_pb_row _builder_version=\u00a0\u00bb4.27.6&Prime; _module_preset=\u00a0\u00bbdefault\u00a0\u00bb column_structure=\u00a0\u00bb1_2,1_2&Prime;][et_pb_column _builder_version=\u00a0\u00bb4.27.6&Prime; _module_preset=\u00a0\u00bbdefault\u00a0\u00bb type=\u00a0\u00bb1_2&Prime;][et_pb_text _builder_version=\u00a0\u00bb4.27.6&Prime; _module_preset=\u00a0\u00bbdefault\u00a0\u00bb hover_enabled=\u00a0\u00bb0&Prime; sticky_enabled=\u00a0\u00bb0&Prime;]<\/p>\n<h3 class=\"txt_subtitle\">LA PROCR\u00c9ATION M\u00c9DICALEMENT ASSIST\u00c9E<\/h3>\n<p>C&rsquo;est l&rsquo;ensemble des m\u00e9thodes permettant d&rsquo;induire une grossesse en dehors de l&rsquo;union naturelle de l&rsquo;homme et de la femme. Il peut s&rsquo;agir d&rsquo;une simple induction de l&rsquo;ovulation, d&rsquo;une stimulation ovarienne avec rapport dirig\u00e9 ou avec une ins\u00e9mination avec le sperme du conjoint et enfin d&rsquo;une f\u00e9condation invitro. La prise en charge se fait en plusieurs \u00e9tapes :\u00a0<br \/>\u2043 La premi\u00e8re \u00e9tape consistera \u00e0 identifier le ou des probl\u00e8mes via un bilan d&rsquo;infertilit\u00e9, pour les deux personnes composant le couple. Chez la femme, il s&rsquo;agira de regarder si les ovaires et les trompes fonctionnent correctement, chez l&rsquo;homme la bonne vitalit\u00e9 des spermatozo\u00efdes<\/p>\n<p>[\/et_pb_text][\/et_pb_column][et_pb_column _builder_version=\u00a0\u00bb4.27.6&Prime; _module_preset=\u00a0\u00bbdefault\u00a0\u00bb type=\u00a0\u00bb1_2&Prime;][et_pb_text _builder_version=\u00a0\u00bb4.27.6&Prime; _module_preset=\u00a0\u00bbdefault\u00a0\u00bb hover_enabled=\u00a0\u00bb0&Prime; sticky_enabled=\u00a0\u00bb0&Prime;]<\/p>\n<p>\u2043 Suite \u00e0 ce bilan, des propositions \u00e9tablies sur la base des r\u00e9sultats du bilan seront faites par le m\u00e9decin, concernant l&rsquo;un-e l&rsquo;autre des partenaires, parfois les deux lorsque les probl\u00e8mes ont \u00e9t\u00e9 identifi\u00e9s chez l&rsquo;homme et la femme, les deux femmes&#8230;<br \/>\u2043 Des solutions, de la plus simple \u00e0 la plus complexe seront propos\u00e9es, puis mises en place en cas d&rsquo;acceptation par le couple. Dans la tr\u00e8s grande majorit\u00e9 des cas, la solution trouv\u00e9e ne n\u00e9cessite pas d&rsquo;intervention chirurgicale.<br \/>\u2043 Le protocole de suivi relatif \u00e0 la solution adopt\u00e9e sera effectu\u00e9 par le m\u00e9decin. Parfois, l&rsquo;aide \u00e0 la procr\u00e9ation ne peut se faire sans une op\u00e9ration.<\/p>\n<p>[\/et_pb_text][\/et_pb_column][\/et_pb_row][\/et_pb_section][et_pb_section fb_built=\u00a0\u00bb1&Prime; _builder_version=\u00a0\u00bb4.27.6&Prime; _module_preset=\u00a0\u00bbdefault\u00a0\u00bb background_image=\u00a0\u00bbhttps:\/\/gynecologue-meyrin.ch\/wp-content\/uploads\/2026\/03\/BUREAU-DENTREE.png\u00a0\u00bb max_width=\u00a0\u00bb100%\u00a0\u00bb height=\u00a0\u00bb432px\u00a0\u00bb animation_style=\u00a0\u00bbslide\u00a0\u00bb global_colors_info=\u00a0\u00bb{}\u00a0\u00bb][\/et_pb_section][et_pb_section fb_built=\u00a0\u00bb1&Prime; admin_label=\u00a0\u00bbbas \u00a0\u00bb _builder_version=\u00a0\u00bb4.27.6&Prime; _module_preset=\u00a0\u00bbdefault\u00a0\u00bb background_color=\u00a0\u00bb#55778c\u00a0\u00bb global_colors_info=\u00a0\u00bb{}\u00a0\u00bb][et_pb_row column_structure=\u00a0\u00bb1_2,1_4,1_4&Prime; _builder_version=\u00a0\u00bb4.27.5&Prime; _module_preset=\u00a0\u00bbdefault\u00a0\u00bb global_colors_info=\u00a0\u00bb{}\u00a0\u00bb][et_pb_column type=\u00a0\u00bb1_2&Prime; _builder_version=\u00a0\u00bb4.27.5&Prime; _module_preset=\u00a0\u00bbdefault\u00a0\u00bb global_colors_info=\u00a0\u00bb{}\u00a0\u00bb][et_pb_image src=\u00a0\u00bbhttps:\/\/gynecologue-meyrin.ch\/wp-content\/uploads\/2026\/03\/Logo-Docteur-Bekri-Desktop-N-1.png\u00a0\u00bb title_text=\u00a0\u00bbLogo-Docteur-Bekri-Desktop-N\u00a0\u00bb _builder_version=\u00a0\u00bb4.27.5&Prime; _module_preset=\u00a0\u00bbdefault\u00a0\u00bb global_colors_info=\u00a0\u00bb{}\u00a0\u00bb][\/et_pb_image][\/et_pb_column][et_pb_column type=\u00a0\u00bb1_4&Prime; _builder_version=\u00a0\u00bb4.27.5&Prime; _module_preset=\u00a0\u00bbdefault\u00a0\u00bb global_colors_info=\u00a0\u00bb{}\u00a0\u00bb][et_pb_text _builder_version=\u00a0\u00bb4.27.6&Prime; _module_preset=\u00a0\u00bbdefault\u00a0\u00bb global_colors_info=\u00a0\u00bb{}\u00a0\u00bb]<\/p>\n<p class=\"footer-title\"><span style=\"color: #ffffff;\">Coordonn\u00e9es<\/span><\/p>\n<div class=\"footer_info\">\n<p class=\"info1\"><span style=\"color: #ffffff;\">Av. J.-D.-Maillard 11,<\/span><\/p>\n<p class=\"info1\"><span style=\"color: #ffffff;\">1217 Meyrin, Suisse<\/span><\/p>\n<p class=\"info2\"><span style=\"color: #ffffff;\">T: +41 22 782 08 21<\/span><\/p>\n<p class=\"info2\"><span style=\"color: #ffffff;\">M: contact@drbekri-gynecologue.ch<\/span><\/p>\n<\/div>\n<p>[\/et_pb_text][\/et_pb_column][et_pb_column type=\u00a0\u00bb1_4&Prime; _builder_version=\u00a0\u00bb4.27.5&Prime; _module_preset=\u00a0\u00bbdefault\u00a0\u00bb global_colors_info=\u00a0\u00bb{}\u00a0\u00bb][et_pb_text _builder_version=\u00a0\u00bb4.27.6&Prime; _module_preset=\u00a0\u00bbdefault\u00a0\u00bb global_colors_info=\u00a0\u00bb{}\u00a0\u00bb]<\/p>\n<div class=\"footer-col3\">\n<h1 class=\"footer-title\"><span style=\"color: #ffffff;\">Les horaires du secretariat<\/span><\/h1>\n<p class=\"footer-descritpion\" style=\"text-align: center;\"><span style=\"color: #ffffff;\">Tous les jours, les matins\u00a0de 8h30 \u00e0 12h00 et les apr\u00e8s-midis de 13h00 \u00e0 16h00, sauf les mercredis.<\/span><\/p>\n<p><span style=\"color: #ffffff;\">\u00a0<\/span><\/p>\n<p><span class=\"border-left-span\" style=\"color: #ffffff;\">\u00a0<\/span><\/p>\n<p><span style=\"color: #ffffff;\">\u00a0<\/span><\/p>\n<\/div>\n<p>[\/et_pb_text][\/et_pb_column][\/et_pb_row][\/et_pb_section]<\/p>\n","protected":false},"excerpt":{"rendered":"<p>M\u00e9decine de la reproduction Dr Taoufik Bekri gyn\u00e9cologue\u00a0depuis plus de 20 ans La m\u00e9decine de la reproduction concerne tout ce qui est li\u00e9 \u00e0 l&rsquo;aide \u00e0 la procr\u00e9ation, dans le but d&rsquo;obtenir une grossesse. Cette sp\u00e9cialit\u00e9 de la gyn\u00e9cologie concerne toutes les femmes (et couples) d\u00e9sireuses d&rsquo;une grossesse.LA PROCR\u00c9ATION M\u00c9DICALEMENT ASSIST\u00c9E C&rsquo;est l&rsquo;ensemble des m\u00e9thodes [&hellip;]<\/p>\n","protected":false},"author":1,"featured_media":0,"parent":0,"menu_order":0,"comment_status":"closed","ping_status":"closed","template":"","meta":{"_et_pb_use_builder":"on","_et_pb_old_content":"","_et_gb_content_width":"","footnotes":""},"class_list":["post-312","page","type-page","status-publish","hentry"],"_links":{"self":[{"href":"https:\/\/gynecologue-meyrin.ch\/index.php?rest_route=\/wp\/v2\/pages\/312","targetHints":{"allow":["GET"]}}],"collection":[{"href":"https:\/\/gynecologue-meyrin.ch\/index.php?rest_route=\/wp\/v2\/pages"}],"about":[{"href":"https:\/\/gynecologue-meyrin.ch\/index.php?rest_route=\/wp\/v2\/types\/page"}],"author":[{"embeddable":true,"href":"https:\/\/gynecologue-meyrin.ch\/index.php?rest_route=\/wp\/v2\/users\/1"}],"replies":[{"embeddable":true,"href":"https:\/\/gynecologue-meyrin.ch\/index.php?rest_route=%2Fwp%2Fv2%2Fcomments&post=312"}],"version-history":[{"count":4,"href":"https:\/\/gynecologue-meyrin.ch\/index.php?rest_route=\/wp\/v2\/pages\/312\/revisions"}],"predecessor-version":[{"id":329,"href":"https:\/\/gynecologue-meyrin.ch\/index.php?rest_route=\/wp\/v2\/pages\/312\/revisions\/329"}],"wp:attachment":[{"href":"https:\/\/gynecologue-meyrin.ch\/index.php?rest_route=%2Fwp%2Fv2%2Fmedia&parent=312"}],"curies":[{"name":"wp","href":"https:\/\/api.w.org\/{rel}","templated":true}]}}