{"id":317,"date":"2026-03-21T15:37:58","date_gmt":"2026-03-21T13:37:58","guid":{"rendered":"https:\/\/gynecologue-meyrin.ch\/?page_id=317"},"modified":"2026-03-21T16:53:38","modified_gmt":"2026-03-21T14:53:38","slug":"contraception-4","status":"publish","type":"page","link":"https:\/\/gynecologue-meyrin.ch\/?page_id=317","title":{"rendered":"EXPLORATION"},"content":{"rendered":"<p>[et_pb_section fb_built=\u00a0\u00bb1&Prime; _builder_version=\u00a0\u00bb4.27.6&Prime; _module_preset=\u00a0\u00bbdefault\u00a0\u00bb background_image=\u00a0\u00bbhttps:\/\/gynecologue-meyrin.ch\/wp-content\/uploads\/2026\/03\/EXPLORATIONS.png\u00a0\u00bb global_colors_info=\u00a0\u00bb{}\u00a0\u00bb][et_pb_row _builder_version=\u00a0\u00bb4.27.6&Prime; _module_preset=\u00a0\u00bbdefault\u00a0\u00bb global_colors_info=\u00a0\u00bb{}\u00a0\u00bb][et_pb_column type=\u00a0\u00bb4_4&Prime; _builder_version=\u00a0\u00bb4.27.6&Prime; _module_preset=\u00a0\u00bbdefault\u00a0\u00bb global_colors_info=\u00a0\u00bb{}\u00a0\u00bb][\/et_pb_column][\/et_pb_row][\/et_pb_section][et_pb_section fb_built=\u00a0\u00bb1&Prime; _builder_version=\u00a0\u00bb4.27.6&Prime; _module_preset=\u00a0\u00bbdefault\u00a0\u00bb global_colors_info=\u00a0\u00bb{}\u00a0\u00bb][et_pb_row column_structure=\u00a0\u00bb1_2,1_2&Prime; _builder_version=\u00a0\u00bb4.27.6&Prime; _module_preset=\u00a0\u00bbdefault\u00a0\u00bb global_colors_info=\u00a0\u00bb{}\u00a0\u00bb][et_pb_column type=\u00a0\u00bb1_2&Prime; _builder_version=\u00a0\u00bb4.27.6&Prime; _module_preset=\u00a0\u00bbdefault\u00a0\u00bb global_colors_info=\u00a0\u00bb{}\u00a0\u00bb][et_pb_image src=\u00a0\u00bbhttps:\/\/gynecologue-meyrin.ch\/wp-content\/uploads\/2026\/03\/Photo-1-Explorations-Sous-Specialites-1.png\u00a0\u00bb title_text=\u00a0\u00bbPhoto-1-Explorations-Sous-Specialites\u00a0\u00bb _builder_version=\u00a0\u00bb4.27.6&Prime; _module_preset=\u00a0\u00bbdefault\u00a0\u00bb max_width=\u00a0\u00bb70%\u00a0\u00bb global_colors_info=\u00a0\u00bb{}\u00a0\u00bb][\/et_pb_image][\/et_pb_column][et_pb_column type=\u00a0\u00bb1_2&Prime; _builder_version=\u00a0\u00bb4.27.6&Prime; _module_preset=\u00a0\u00bbdefault\u00a0\u00bb global_colors_info=\u00a0\u00bb{}\u00a0\u00bb][et_pb_text _builder_version=\u00a0\u00bb4.27.6&Prime; _module_preset=\u00a0\u00bbdefault\u00a0\u00bb custom_padding=\u00a0\u00bb||0px|||\u00a0\u00bb hover_enabled=\u00a0\u00bb0&Prime; global_colors_info=\u00a0\u00bb{}\u00a0\u00bb text_font_size=\u00a0\u00bb16px\u00a0\u00bb text_letter_spacing=\u00a0\u00bb3px\u00a0\u00bb sticky_enabled=\u00a0\u00bb0&Prime;]<\/p>\n<h1 class=\"txt_title mobile_txt_title\"><strong>Explorations<\/strong><\/h1>\n<p>[\/et_pb_text][et_pb_text _builder_version=\u00a0\u00bb4.27.6&Prime; _module_preset=\u00a0\u00bbdefault\u00a0\u00bb custom_padding=\u00a0\u00bb||0px|||\u00a0\u00bb hover_enabled=\u00a0\u00bb0&Prime; global_colors_info=\u00a0\u00bb{}\u00a0\u00bb sticky_enabled=\u00a0\u00bb0&Prime;]<\/p>\n<h3 class=\"txt_subtitle\"><span>L\u2019exploration, l\u2019un des nombreux outils du Dr Bekri pour l\u2019accompagnement de ses patientes<\/span><\/h3>\n<p>[\/et_pb_text][et_pb_text _builder_version=\u00a0\u00bb4.27.6&Prime; _module_preset=\u00a0\u00bbdefault\u00a0\u00bb custom_padding=\u00a0\u00bb||0px|||\u00a0\u00bb hover_enabled=\u00a0\u00bb0&Prime; global_colors_info=\u00a0\u00bb{}\u00a0\u00bb sticky_enabled=\u00a0\u00bb0&Prime; text_letter_spacing=\u00a0\u00bb2px\u00a0\u00bb]<\/p>\n<p class=\"txt_subtitle\">Elles comprennent plusieurs examens compl\u00e9mentaires capables d&rsquo;aider \u00e0 poser un diagnostic pr\u00e9cis. Pour cela, le Dr Bekri ma\u00eetrise toutes les techniques des investigations gyn\u00e9cologiques.<\/p>\n<p>[\/et_pb_text][et_pb_divider _builder_version=\u00a0\u00bb4.27.6&Prime; _module_preset=\u00a0\u00bbdefault\u00a0\u00bb global_colors_info=\u00a0\u00bb{}\u00a0\u00bb][\/et_pb_divider][\/et_pb_column][\/et_pb_row][et_pb_row column_structure=\u00a0\u00bb1_2,1_2&Prime; _builder_version=\u00a0\u00bb4.27.6&Prime; _module_preset=\u00a0\u00bbdefault\u00a0\u00bb global_colors_info=\u00a0\u00bb{}\u00a0\u00bb][et_pb_column type=\u00a0\u00bb1_2&Prime; _builder_version=\u00a0\u00bb4.27.6&Prime; _module_preset=\u00a0\u00bbdefault\u00a0\u00bb global_colors_info=\u00a0\u00bb{}\u00a0\u00bb][et_pb_text _builder_version=\u00a0\u00bb4.27.6&Prime; _module_preset=\u00a0\u00bbdefault\u00a0\u00bb global_colors_info=\u00a0\u00bb{}\u00a0\u00bb]<\/p>\n<h3 class=\"txt_subtitle\">LES DIFF\u00c9RENTES TECHNIQUES D\u2019EXPLORATION MA\u00ceTRIS\u00c9ES PAR LE DR BEKRI<\/h3>\n<p><span>\u00c9chographie<\/span>\u00a0: l&rsquo;\u00e9chographie concerne l&rsquo;exploration par ultrasons de l&rsquo;ut\u00e9rus et des ovaires via une sonde \u00e9chographique plac\u00e9e dans le vagin ou par voie abdominale. Cette technique permet de r\u00e9v\u00e9ler notamment la pr\u00e9sence \u00e9ventuelle de kystes ovariens, \u00e9valuer un cycle menstruel et, de pr\u00e9ciser le bon d\u00e9roulement d&rsquo;une grossesse.<\/p>\n<p><span>Colposcopie<\/span>\u00a0: la colposcopie est un examen qui permet l&rsquo;observation du col de l&rsquo;ut\u00e9rus, \u00e9galement de l&rsquo;ensemble de la cavit\u00e9 vaginale, ainsi que de la vulve et du\u00a0 p\u00e9rin\u00e9e. Elle a pour but d&rsquo;exclure ou de d\u00e9tecter des dysplasies de haut grade et des cancers du col. Elle d\u00e9tecte les cancers vulvaires et vaginaux. Elle permet \u00e9galement le diagnostic des pathologies b\u00e9nignes, comme les verrues g\u00e9nitales. Elle permet de r\u00e9aliser une cartographie des l\u00e9sions du col, elle dirige les biopsies et guide le traitement chirurgical d&rsquo;ablation des l\u00e9sions.<\/p>\n<p>[\/et_pb_text][\/et_pb_column][et_pb_column type=\u00a0\u00bb1_2&Prime; _builder_version=\u00a0\u00bb4.27.6&Prime; _module_preset=\u00a0\u00bbdefault\u00a0\u00bb global_colors_info=\u00a0\u00bb{}\u00a0\u00bb][et_pb_text _builder_version=\u00a0\u00bb4.27.6&Prime; _module_preset=\u00a0\u00bbdefault\u00a0\u00bb global_colors_info=\u00a0\u00bb{}\u00a0\u00bb]<\/p>\n<p><strong>Hyst\u00e9roscopie\u00a0:<\/strong> cette technique d&rsquo;exploration permet d&rsquo;examiner l&rsquo;int\u00e9rieur de l&rsquo;ut\u00e9rus. Le m\u00e9decin ins\u00e8re par voie vaginale un hyst\u00e9roscope, une optique de diam\u00e8tre variable entre 2,9 et 5mm, sous anesth\u00e9sie locale.\u00a0 Cet examen permet le diagnostic de pathologies intra-ut\u00e9rines (polypes, fibromes, malformation ut\u00e9rines et cancers ut\u00e9rins).<\/p>\n<p><span>Laparoscopie<\/span>\u00a0: cette technique d&rsquo;exploration a pour objectif de visualiser l\u2019int\u00e9rieur de la cavit\u00e9 abdominale, avec un focus sur les ovaires, les trompes et l\u2019ut\u00e9rus. La laparoscopie se fait sous anesth\u00e9sie g\u00e9n\u00e9rale. Le m\u00e9decin ins\u00e8re une optique surmont\u00e9e d&rsquo;une cam\u00e9ra au niveau du nombril, permettant ainsi de faire une mini incision en lieu et place d&rsquo;une ouverture de l&rsquo;abdomen comme cela se faisait avant. En visualisant toute la cavit\u00e9 abdominale, d&rsquo;\u00e9ventuelles pathologies ou l\u00e9sions peuvent \u00eatre r\u00e9v\u00e9l\u00e9es sur les ovaires, les trompes et l&rsquo;ut\u00e9rus, tout comme la pr\u00e9sence \u00e9ventuelle de la maladie de l&rsquo;endom\u00e9triose.<\/p>\n<p>[\/et_pb_text][\/et_pb_column][\/et_pb_row][\/et_pb_section][et_pb_section fb_built=\u00a0\u00bb1&Prime; _builder_version=\u00a0\u00bb4.27.6&Prime; _module_preset=\u00a0\u00bbdefault\u00a0\u00bb background_image=\u00a0\u00bbhttps:\/\/gynecologue-meyrin.ch\/wp-content\/uploads\/2026\/03\/BUREAU-DENTREE.png\u00a0\u00bb max_width=\u00a0\u00bb100%\u00a0\u00bb height=\u00a0\u00bb432px\u00a0\u00bb animation_style=\u00a0\u00bbslide\u00a0\u00bb global_colors_info=\u00a0\u00bb{}\u00a0\u00bb][\/et_pb_section][et_pb_section fb_built=\u00a0\u00bb1&Prime; admin_label=\u00a0\u00bbbas \u00a0\u00bb _builder_version=\u00a0\u00bb4.27.6&Prime; _module_preset=\u00a0\u00bbdefault\u00a0\u00bb background_color=\u00a0\u00bb#55778c\u00a0\u00bb global_colors_info=\u00a0\u00bb{}\u00a0\u00bb][et_pb_row column_structure=\u00a0\u00bb1_2,1_4,1_4&Prime; _builder_version=\u00a0\u00bb4.27.5&Prime; _module_preset=\u00a0\u00bbdefault\u00a0\u00bb global_colors_info=\u00a0\u00bb{}\u00a0\u00bb][et_pb_column type=\u00a0\u00bb1_2&Prime; _builder_version=\u00a0\u00bb4.27.5&Prime; _module_preset=\u00a0\u00bbdefault\u00a0\u00bb global_colors_info=\u00a0\u00bb{}\u00a0\u00bb][et_pb_image src=\u00a0\u00bbhttps:\/\/gynecologue-meyrin.ch\/wp-content\/uploads\/2026\/03\/Logo-Docteur-Bekri-Desktop-N-1.png\u00a0\u00bb title_text=\u00a0\u00bbLogo-Docteur-Bekri-Desktop-N\u00a0\u00bb _builder_version=\u00a0\u00bb4.27.5&Prime; _module_preset=\u00a0\u00bbdefault\u00a0\u00bb global_colors_info=\u00a0\u00bb{}\u00a0\u00bb][\/et_pb_image][\/et_pb_column][et_pb_column type=\u00a0\u00bb1_4&Prime; _builder_version=\u00a0\u00bb4.27.5&Prime; _module_preset=\u00a0\u00bbdefault\u00a0\u00bb global_colors_info=\u00a0\u00bb{}\u00a0\u00bb][et_pb_text _builder_version=\u00a0\u00bb4.27.6&Prime; _module_preset=\u00a0\u00bbdefault\u00a0\u00bb global_colors_info=\u00a0\u00bb{}\u00a0\u00bb]<\/p>\n<p class=\"footer-title\"><span style=\"color: #ffffff;\">Coordonn\u00e9es<\/span><\/p>\n<div class=\"footer_info\">\n<p class=\"info1\"><span style=\"color: #ffffff;\">Av. J.-D.-Maillard 11,<\/span><\/p>\n<p class=\"info1\"><span style=\"color: #ffffff;\">1217 Meyrin, Suisse<\/span><\/p>\n<p class=\"info2\"><span style=\"color: #ffffff;\">T: +41 22 782 08 21<\/span><\/p>\n<p class=\"info2\"><span style=\"color: #ffffff;\">M: contact@drbekri-gynecologue.ch<\/span><\/p>\n<\/div>\n<p>[\/et_pb_text][\/et_pb_column][et_pb_column type=\u00a0\u00bb1_4&Prime; _builder_version=\u00a0\u00bb4.27.5&Prime; _module_preset=\u00a0\u00bbdefault\u00a0\u00bb global_colors_info=\u00a0\u00bb{}\u00a0\u00bb][et_pb_text _builder_version=\u00a0\u00bb4.27.6&Prime; _module_preset=\u00a0\u00bbdefault\u00a0\u00bb global_colors_info=\u00a0\u00bb{}\u00a0\u00bb]<\/p>\n<div class=\"footer-col3\">\n<h1 class=\"footer-title\"><span style=\"color: #ffffff;\">Les horaires du secretariat<\/span><\/h1>\n<p class=\"footer-descritpion\" style=\"text-align: center;\"><span style=\"color: #ffffff;\">Tous les jours, les matins\u00a0de 8h30 \u00e0 12h00 et les apr\u00e8s-midis de 13h00 \u00e0 16h00, sauf les mercredis.<\/span><\/p>\n<p><span style=\"color: #ffffff;\">\u00a0<\/span><\/p>\n<p><span class=\"border-left-span\" style=\"color: #ffffff;\">\u00a0<\/span><\/p>\n<p><span style=\"color: #ffffff;\">\u00a0<\/span><\/p>\n<\/div>\n<p>[\/et_pb_text][\/et_pb_column][\/et_pb_row][\/et_pb_section]<\/p>\n","protected":false},"excerpt":{"rendered":"<p>ExplorationsL\u2019exploration, l\u2019un des nombreux outils du Dr Bekri pour l\u2019accompagnement de ses patientesElles comprennent plusieurs examens compl\u00e9mentaires capables d&rsquo;aider \u00e0 poser un diagnostic pr\u00e9cis. Pour cela, le Dr Bekri ma\u00eetrise toutes les techniques des investigations gyn\u00e9cologiques.LES DIFF\u00c9RENTES TECHNIQUES D\u2019EXPLORATION MA\u00ceTRIS\u00c9ES PAR LE DR BEKRI \u00c9chographie\u00a0: l&rsquo;\u00e9chographie concerne l&rsquo;exploration par ultrasons de l&rsquo;ut\u00e9rus et des ovaires [&hellip;]<\/p>\n","protected":false},"author":1,"featured_media":0,"parent":0,"menu_order":0,"comment_status":"closed","ping_status":"closed","template":"","meta":{"_et_pb_use_builder":"on","_et_pb_old_content":"","_et_gb_content_width":"","footnotes":""},"class_list":["post-317","page","type-page","status-publish","hentry"],"_links":{"self":[{"href":"https:\/\/gynecologue-meyrin.ch\/index.php?rest_route=\/wp\/v2\/pages\/317","targetHints":{"allow":["GET"]}}],"collection":[{"href":"https:\/\/gynecologue-meyrin.ch\/index.php?rest_route=\/wp\/v2\/pages"}],"about":[{"href":"https:\/\/gynecologue-meyrin.ch\/index.php?rest_route=\/wp\/v2\/types\/page"}],"author":[{"embeddable":true,"href":"https:\/\/gynecologue-meyrin.ch\/index.php?rest_route=\/wp\/v2\/users\/1"}],"replies":[{"embeddable":true,"href":"https:\/\/gynecologue-meyrin.ch\/index.php?rest_route=%2Fwp%2Fv2%2Fcomments&post=317"}],"version-history":[{"count":3,"href":"https:\/\/gynecologue-meyrin.ch\/index.php?rest_route=\/wp\/v2\/pages\/317\/revisions"}],"predecessor-version":[{"id":363,"href":"https:\/\/gynecologue-meyrin.ch\/index.php?rest_route=\/wp\/v2\/pages\/317\/revisions\/363"}],"wp:attachment":[{"href":"https:\/\/gynecologue-meyrin.ch\/index.php?rest_route=%2Fwp%2Fv2%2Fmedia&parent=317"}],"curies":[{"name":"wp","href":"https:\/\/api.w.org\/{rel}","templated":true}]}}